{"id":143,"date":"2016-06-20T07:48:11","date_gmt":"2016-06-20T07:48:11","guid":{"rendered":"http:\/\/sw-themes.com\/porto_dummy\/?page_id=143"},"modified":"2025-02-05T10:42:09","modified_gmt":"2025-02-05T09:42:09","slug":"home","status":"publish","type":"page","link":"https:\/\/sintac.pl\/sklepsintac\/","title":{"rendered":"Home"},"content":{"rendered":"\t\t<div data-elementor-type=\"wp-post\" data-elementor-id=\"143\" class=\"elementor elementor-143\" data-elementor-settings=\"[]\">\n\t\t\t\t\t\t\t<div class=\"elementor-section-wrap\">\n\t\t\t\t\t\t\t<section class=\"elementor-section elementor-top-section elementor-element elementor-element-9bb1ecb elementor-section-boxed elementor-section-height-default elementor-section-height-default\" data-id=\"9bb1ecb\" data-element_type=\"section\">\r\n\t\t\t\r\n\t\t\t\t\t\t\t\t\t<div class=\"elementor-container elementor-column-gap-default\">\r\n\t\t\t\t\t\t\t\t\t\t\t<div class=\"elementor-column elementor-col-100 elementor-top-column elementor-element elementor-element-d7c5880\" data-id=\"d7c5880\" data-element_type=\"column\">\n\t\t\t<div class=\"elementor-widget-wrap elementor-element-populated\">\n\t\t\t\t\t\t\t\t<div class=\"elementor-element elementor-element-e0f2095 elementor-headline--style-highlight elementor-widget elementor-widget-animated-headline\" data-id=\"e0f2095\" data-element_type=\"widget\" data-settings=\"{&quot;marker&quot;:&quot;underline_zigzag&quot;,&quot;highlighted_text&quot;:&quot;E-Sklepu&quot;,&quot;headline_style&quot;:&quot;highlight&quot;}\" data-widget_type=\"animated-headline.default\">\n\t\t\t\t<div class=\"elementor-widget-container\">\n\t\t\t\t\t<h1 class=\"elementor-headline\">\n\t\t\t\t\t\t\t<span class=\"elementor-headline-plain-text elementor-headline-text-wrapper\">Witamy na stronie naszego <\/span>\n\t\t\t\t\t\t<span class=\"elementor-headline-dynamic-wrapper elementor-headline-text-wrapper\"><\/span>\n\t\t\t\t\t<\/h1>\n\t\t\t\t<\/div>\n\t\t\t\t<\/div>\n\t\t\t\t\t<\/div>\n\t\t<\/div>\n\t\t\t\t\t\t<\/div>\r\n\t\t\t\t<\/section>\r\n\t\t\t\t<section class=\"elementor-section elementor-top-section elementor-element elementor-element-02f28d0 elementor-section-boxed elementor-section-height-default elementor-section-height-default\" data-id=\"02f28d0\" data-element_type=\"section\">\r\n\t\t\t\r\n\t\t\t\t\t\t\t\t\t<div class=\"elementor-container elementor-column-gap-default\">\r\n\t\t\t\t\t\t\t\t\t\t\t<div class=\"elementor-column elementor-col-100 elementor-top-column elementor-element elementor-element-ecf54cf\" data-id=\"ecf54cf\" data-element_type=\"column\">\n\t\t\t<div class=\"elementor-widget-wrap elementor-element-populated\">\n\t\t\t\t\t\t\t\t<div class=\"elementor-element elementor-element-817116d elementor-align-center elementor-widget elementor-widget-button\" data-id=\"817116d\" data-element_type=\"widget\" data-widget_type=\"button.default\">\n\t\t\t\t<div class=\"elementor-widget-container\">\n\t\t\t\t\t<div class=\"elementor-button-wrapper\">\n\t\t\t<a href=\"https:\/\/sintac.pl\/sklepsintac\/kategoria-produktu\/sintan\/odtluszczacz-sintan\/\" class=\"elementor-button-link elementor-button elementor-size-lg\" role=\"button\">\n\t\t\t\t\t\t<span class=\"elementor-button-content-wrapper\">\n\t\t\t\t\t\t<span class=\"elementor-button-icon elementor-align-icon-left\">\n\t\t\t\t<i aria-hidden=\"true\" class=\"fas fa-shopping-basket\"><\/i>\t\t\t<\/span>\n\t\t\t\t\t\t<span class=\"elementor-button-text\">KLIKNIJ ABY ROZPOCZ\u0104\u0106 ZAKUPY<\/span>\n\t\t<\/span>\n\t\t\t\t\t<\/a>\n\t\t<\/div>\n\t\t\t\t<\/div>\n\t\t\t\t<\/div>\n\t\t\t\t\t<\/div>\n\t\t<\/div>\n\t\t\t\t\t\t<\/div>\r\n\t\t\t\t<\/section>\r\n\t\t\t\t<section class=\"elementor-section elementor-top-section elementor-element elementor-element-36c1ce6 elementor-section-boxed elementor-section-height-default elementor-section-height-default\" data-id=\"36c1ce6\" data-element_type=\"section\">\r\n\t\t\t\r\n\t\t\t\t\t\t\t\t\t<div class=\"elementor-container elementor-column-gap-default\">\r\n\t\t\t\t\t\t\t\t\t\t\t<div class=\"elementor-column elementor-col-100 elementor-top-column elementor-element elementor-element-c6dc4fc\" data-id=\"c6dc4fc\" data-element_type=\"column\">\n\t\t\t<div class=\"elementor-widget-wrap elementor-element-populated\">\n\t\t\t\t\t\t\t\t<div class=\"elementor-element elementor-element-be7ffc9 elementor-products-columns-4 elementor-products-grid elementor-wc-products elementor-widget elementor-widget-wc-categories\" data-id=\"be7ffc9\" data-element_type=\"widget\" data-widget_type=\"wc-categories.default\">\n\t\t\t\t<div class=\"elementor-widget-container\">\n\t\t\t<div class=\"woocommerce columns-4\"><ul class=\"products products-container grid pcols-lg-4 pcols-md-3 pcols-xs-3 pcols-ls-2 pwidth-lg-4 pwidth-md-3 pwidth-xs-2 pwidth-ls-1 is-shortcode\"\n\t data-product_layout=\"product-default\">\n\n<li class=\"product-category product-col\">\n\t\t<a href=\"https:\/\/sintac.pl\/sklepsintac\/kategoria-produktu\/sorbenty\/\">\n\t\t<span class=\"thumb-info \">\n\t\t\t\t\t\t\t\t\t<span class=\"thumb-info-wrapper\">\n\t\t\t\t\t<img loading=\"lazy\" src=\"https:\/\/sintac.pl\/sklepsintac\/wp-content\/uploads\/2020\/10\/sorbent-compakt-1-300x300.jpg\" alt=\"Sorbenty\" width=\"300\" height=\"300\" \/>\t\t\t\t<\/span>\n\t\t\t\t\t\t\t\t\t\t\t\t\t<span class=\"thumb-info-wrap\">\n\t\t\t\t\t<span class=\"thumb-info-title\">\n\t\t\t\t\t\t\t\t\t\t\t\t\t\t\t\t<h3 class=\"sub-title thumb-info-inner\">Sorbenty<\/h3>\n\t\t\t\t\t\t\t\t\t\t\t\t\t\t\t\t\t\t<span class=\"thumb-info-type\">\n\t\t\t\t\t\t\t\t\t\t\t\t\t\t\t\t <mark class=\"count\">49<\/mark> Products\t\t\t\t\t\t\t<\/span>\n\t\t\t\t\t\t\t\t\t\t\t\t\t\t\t\t\t\t\t<\/span>\n\t\t\t\t<\/span>\n\t\t\t\t\t<\/span>\n\t<\/a>\n\n\t\n\t<\/li>\n\n<li class=\"product-category product-col\">\n\t\t<a href=\"https:\/\/sintac.pl\/sklepsintac\/kategoria-produktu\/wyposazenie-magazynow\/\">\n\t\t<span class=\"thumb-info \">\n\t\t\t\t\t\t\t\t\t<span class=\"thumb-info-wrapper\">\n\t\t\t\t\t<img loading=\"lazy\" src=\"https:\/\/sintac.pl\/sklepsintac\/wp-content\/uploads\/2021\/08\/wanienka-happy-300x300.jpg\" alt=\"Wyposa\u017cenie magazyn\u00f3w\" width=\"300\" height=\"300\" \/>\t\t\t\t<\/span>\n\t\t\t\t\t\t\t\t\t\t\t\t\t<span class=\"thumb-info-wrap\">\n\t\t\t\t\t<span class=\"thumb-info-title\">\n\t\t\t\t\t\t\t\t\t\t\t\t\t\t\t\t<h3 class=\"sub-title thumb-info-inner\">Wyposa\u017cenie magazyn\u00f3w<\/h3>\n\t\t\t\t\t\t\t\t\t\t\t\t\t\t\t\t\t\t<span class=\"thumb-info-type\">\n\t\t\t\t\t\t\t\t\t\t\t\t\t\t\t\t <mark class=\"count\">32<\/mark> Products\t\t\t\t\t\t\t<\/span>\n\t\t\t\t\t\t\t\t\t\t\t\t\t\t\t\t\t\t\t<\/span>\n\t\t\t\t<\/span>\n\t\t\t\t\t<\/span>\n\t<\/a>\n\n\t\n\t<\/li>\n\n<li class=\"product-category product-col\">\n\t\t<a href=\"https:\/\/sintac.pl\/sklepsintac\/kategoria-produktu\/zestawy\/\">\n\t\t<span class=\"thumb-info \">\n\t\t\t\t\t\t\t\t\t<span class=\"thumb-info-wrapper\">\n\t\t\t\t\t<img loading=\"lazy\" src=\"https:\/\/sintac.pl\/sklepsintac\/wp-content\/uploads\/2020\/10\/3595_600-300x300.jpg\" alt=\"Zestawy\" width=\"300\" height=\"300\" \/>\t\t\t\t<\/span>\n\t\t\t\t\t\t\t\t\t\t\t\t\t<span class=\"thumb-info-wrap\">\n\t\t\t\t\t<span class=\"thumb-info-title\">\n\t\t\t\t\t\t\t\t\t\t\t\t\t\t\t\t<h3 class=\"sub-title thumb-info-inner\">Zestawy<\/h3>\n\t\t\t\t\t\t\t\t\t\t\t\t\t\t\t\t\t\t<span class=\"thumb-info-type\">\n\t\t\t\t\t\t\t\t\t\t\t\t\t\t\t\t <mark class=\"count\">18<\/mark> Products\t\t\t\t\t\t\t<\/span>\n\t\t\t\t\t\t\t\t\t\t\t\t\t\t\t\t\t\t\t<\/span>\n\t\t\t\t<\/span>\n\t\t\t\t\t<\/span>\n\t<\/a>\n\n\t\n\t<\/li>\n\n<li class=\"product-category product-col\">\n\t\t<a href=\"https:\/\/sintac.pl\/sklepsintac\/kategoria-produktu\/sintan\/odtluszczacz-sintan\/\">\n\t\t<span class=\"thumb-info \">\n\t\t\t\t\t\t\t\t\t<span class=\"thumb-info-wrapper\">\n\t\t\t\t\t<img loading=\"lazy\" src=\"https:\/\/sintac.pl\/sklepsintac\/wp-content\/uploads\/2021\/01\/PL3A1657-kopia-300x300.jpg\" alt=\"Odt\u0142uszczacz SINTAN \u00ae\" width=\"300\" height=\"300\" \/>\t\t\t\t<\/span>\n\t\t\t\t\t\t\t\t\t\t\t\t\t<span class=\"thumb-info-wrap\">\n\t\t\t\t\t<span class=\"thumb-info-title\">\n\t\t\t\t\t\t\t\t\t\t\t\t\t\t\t\t<h3 class=\"sub-title thumb-info-inner\">Odt\u0142uszczacz SINTAN \u00ae<\/h3>\n\t\t\t\t\t\t\t\t\t\t\t\t\t\t\t\t\t\t<span class=\"thumb-info-type\">\n\t\t\t\t\t\t\t\t\t\t\t\t\t\t\t\t <mark class=\"count\">8<\/mark> Products\t\t\t\t\t\t\t<\/span>\n\t\t\t\t\t\t\t\t\t\t\t\t\t\t\t\t\t\t\t<\/span>\n\t\t\t\t<\/span>\n\t\t\t\t\t<\/span>\n\t<\/a>\n\n\t\n\t<\/li>\n<\/ul>\n<\/div>\t\t<\/div>\n\t\t\t\t<\/div>\n\t\t\t\t\t<\/div>\n\t\t<\/div>\n\t\t\t\t\t\t<\/div>\r\n\t\t\t\t<\/section>\r\n\t\t\t\t<section class=\"elementor-section elementor-top-section elementor-element elementor-element-0a2a57c elementor-section-boxed elementor-section-height-default elementor-section-height-default\" data-id=\"0a2a57c\" data-element_type=\"section\">\r\n\t\t\t\r\n\t\t\t\t\t\t\t\t\t<div class=\"elementor-container elementor-column-gap-default\">\r\n\t\t\t\t\t\t\t\t\t\t\t<div class=\"elementor-column elementor-col-100 elementor-top-column elementor-element elementor-element-e9a2381\" data-id=\"e9a2381\" data-element_type=\"column\">\n\t\t\t<div class=\"elementor-widget-wrap elementor-element-populated\">\n\t\t\t\t\t\t\t\t<div class=\"elementor-element elementor-element-fbaa8c3 elementor-widget elementor-widget-text-editor\" data-id=\"fbaa8c3\" data-element_type=\"widget\" data-widget_type=\"text-editor.default\">\n\t\t\t\t<div class=\"elementor-widget-container\">\n\t\t\t\t\t<div class=\"elementor-text-editor elementor-clearfix\"><p style=\"text-align: center;\">Nasza firma to profesjonalny zesp\u00f3\u0142 prawdziwych pasjonat\u00f3w, dla kt\u00f3rych poszanowanie dla \u015brodowiska stanowi nie tylko esencj\u0119 pracy zawodowej, ale przede wszystkim jest prawdziwym powo\u0142aniem i filozofi\u0105 \u017cycia.<\/p><\/div>\n\t\t\t\t<\/div>\n\t\t\t\t<\/div>\n\t\t\t\t\t<\/div>\n\t\t<\/div>\n\t\t\t\t\t\t<\/div>\r\n\t\t\t\t<\/section>\r\n\t\t\t\t\t\t<\/div>\n\t\t\t\t\t<\/div>\n\t\t","protected":false},"excerpt":{"rendered":"<p>Witamy na stronie naszego KLIKNIJ ABY ROZPOCZ\u0104\u0106 ZAKUPY Nasza firma to profesjonalny zesp\u00f3\u0142 prawdziwych pasjonat\u00f3w, dla kt\u00f3rych poszanowanie dla \u015brodowiska stanowi nie tylko esencj\u0119 pracy zawodowej, ale przede wszystkim jest prawdziwym powo\u0142aniem i filozofi\u0105 \u017cycia.<\/p>\n","protected":false},"author":1,"featured_media":0,"parent":0,"menu_order":0,"comment_status":"closed","ping_status":"closed","template":"","meta":[],"_links":{"self":[{"href":"https:\/\/sintac.pl\/sklepsintac\/wp-json\/wp\/v2\/pages\/143"}],"collection":[{"href":"https:\/\/sintac.pl\/sklepsintac\/wp-json\/wp\/v2\/pages"}],"about":[{"href":"https:\/\/sintac.pl\/sklepsintac\/wp-json\/wp\/v2\/types\/page"}],"author":[{"embeddable":true,"href":"https:\/\/sintac.pl\/sklepsintac\/wp-json\/wp\/v2\/users\/1"}],"replies":[{"embeddable":true,"href":"https:\/\/sintac.pl\/sklepsintac\/wp-json\/wp\/v2\/comments?post=143"}],"version-history":[{"count":288,"href":"https:\/\/sintac.pl\/sklepsintac\/wp-json\/wp\/v2\/pages\/143\/revisions"}],"predecessor-version":[{"id":4500,"href":"https:\/\/sintac.pl\/sklepsintac\/wp-json\/wp\/v2\/pages\/143\/revisions\/4500"}],"wp:attachment":[{"href":"https:\/\/sintac.pl\/sklepsintac\/wp-json\/wp\/v2\/media?parent=143"}],"curies":[{"name":"wp","href":"https:\/\/api.w.org\/{rel}","templated":true}]}}