{"id":120,"date":"2020-10-26T16:24:13","date_gmt":"2020-10-26T15:24:13","guid":{"rendered":"https:\/\/www.sintac.pl\/sklepsintac\/produkt\/import-placeholder-for-7782\/"},"modified":"2023-02-10T09:11:18","modified_gmt":"2023-02-10T08:11:18","slug":"zestaw-adr-podstawowy","status":"publish","type":"product","link":"https:\/\/sintac.pl\/sklepsintac\/produkt\/zestaw-adr-podstawowy\/","title":{"rendered":"Zestaw &#8220;ADR Podstawowy&#8221;   E-008"},"content":{"rendered":"<p><b>Sk\u0142ad<\/b><\/p>\n<ul class=\"zestawy\">\n<li>Torba &#8211; 70l<\/li>\n<li>Maty sorbcyjne &#8211; 5 szt.<\/li>\n<li>Sorbent uniwersalny 6 l &#8211; 1 szt.<\/li>\n<li>Aparat do p\u0142ukania oczu &#8211; 1 kpl.<\/li>\n<li>Pojemnik na wod\u0119 do p\u0142ukania oczu &#8211; 1 szt.<\/li>\n<li>Okulary ochronne &#8211; 1 para<\/li>\n<li>Kit uszczelniaj\u0105cy &#8211; 1 szt.<\/li>\n<li>Preparat <strong>Sintan\u00ae<\/strong> &#8211; 1 l<\/li>\n<li><strong>Kobra Sintac\u00ae<\/strong> &#8211; 1 szt.<\/li>\n<li>Szczotka zmiotka, szufelka &#8211; 1 kpl.<\/li>\n<li>Worki na odpady &#8211; 5 szt.<\/li>\n<li>Kombinezon &#8211; 1 szt.<\/li>\n<li>R\u0119kawice chemoodporne &#8211; 1 para<\/li>\n<\/ul>\n<p>INSTRUKCJA STOSOWANIA -&gt; <a href=\"https:\/\/sintac.pl\/sklepsintac\/wp-content\/uploads\/2020\/10\/E-008-ZESTAW-ADR-PODSTAWOWY.pdf\">E-008 ZESTAW ADR PODSTAWOWY<\/a><\/p>\n","protected":false},"excerpt":{"rendered":"<p>Minimalny zestaw \u015brodk\u00f3w, niezb\u0119dnych przy przewozie materia\u0142\u00f3w niebezpiecznych.<\/p>\n","protected":false},"featured_media":150,"template":"","meta":[],"_links":{"self":[{"href":"https:\/\/sintac.pl\/sklepsintac\/wp-json\/wp\/v2\/product\/120"}],"collection":[{"href":"https:\/\/sintac.pl\/sklepsintac\/wp-json\/wp\/v2\/product"}],"about":[{"href":"https:\/\/sintac.pl\/sklepsintac\/wp-json\/wp\/v2\/types\/product"}],"wp:featuredmedia":[{"embeddable":true,"href":"https:\/\/sintac.pl\/sklepsintac\/wp-json\/wp\/v2\/media\/150"}],"wp:attachment":[{"href":"https:\/\/sintac.pl\/sklepsintac\/wp-json\/wp\/v2\/media?parent=120"}],"curies":[{"name":"wp","href":"https:\/\/api.w.org\/{rel}","templated":true}]}}