{"id":123,"date":"2020-10-26T16:24:13","date_gmt":"2020-10-26T15:24:13","guid":{"rendered":"https:\/\/www.sintac.pl\/sklepsintac\/produkt\/import-placeholder-for-7788\/"},"modified":"2023-02-10T09:11:55","modified_gmt":"2023-02-10T08:11:55","slug":"zestaw-chemiczny-mobilny","status":"publish","type":"product","link":"https:\/\/sintac.pl\/sklepsintac\/produkt\/zestaw-chemiczny-mobilny\/","title":{"rendered":"Zestaw &#8220;Chemiczny Mobilny&#8221;           E-011"},"content":{"rendered":"<p><b>Sk\u0142ad<\/b><\/p>\n<ul class=\"zestawy\">\n<li>Pojemnik mobilny &#8211; 120 l<\/li>\n<li>Sorbent uniwersalny 20 kg &#8211; 2 szt.<\/li>\n<li><strong>Kobra Sintac\u00ae<\/strong> &#8211; 2 szt.<\/li>\n<li>Preparat <strong>Sintan\u00ae<\/strong> &#8211; 2 l, spryskiwacz<\/li>\n<li>R\u0119kawice chemoodporne &#8211; 1 para<\/li>\n<li>Okulary ochronne &#8211; 1 szt.<\/li>\n<li>P\u00f3\u0142maska 3M 6000 (+ 2 poch\u0142aniacze ABE 1) &#8211; 1 kpl.<\/li>\n<li>Szczotka ry\u017cowa z trzonkiem teleskopowym &#8211; 1 szt.<\/li>\n<li>Worki na odpady &#8211; 5 szt.<\/li>\n<li>\u015aciereczki sorbcyjne &#8211; 100 szt.<\/li>\n<li>Szczotka zmiotka, szufelka &#8211; 1 kpl.<\/li>\n<\/ul>\n<p>INSTRUKCJA STOSOWANIA -&gt; <a href=\"https:\/\/sintac.pl\/sklepsintac\/wp-content\/uploads\/2020\/10\/E-011-ZESTAW-CHEMICZNY-MOBILNY.pdf\">E-011 ZESTAW CHEMICZNY &#8211; MOBILNY<\/a><\/p>\n","protected":false},"excerpt":{"rendered":"<p>Profesjonalne wyposa\u017cenie pomieszcze\u0144 zagro\u017conych wyciekiem substancji chemicznych. Szczeg\u00f3lnie polecany przy usuwaniu rozlewisk cieczy niebezpiecznych o du\u017cej lotno\u015bci.<\/p>\n","protected":false},"featured_media":153,"template":"","meta":[],"_links":{"self":[{"href":"https:\/\/sintac.pl\/sklepsintac\/wp-json\/wp\/v2\/product\/123"}],"collection":[{"href":"https:\/\/sintac.pl\/sklepsintac\/wp-json\/wp\/v2\/product"}],"about":[{"href":"https:\/\/sintac.pl\/sklepsintac\/wp-json\/wp\/v2\/types\/product"}],"wp:featuredmedia":[{"embeddable":true,"href":"https:\/\/sintac.pl\/sklepsintac\/wp-json\/wp\/v2\/media\/153"}],"wp:attachment":[{"href":"https:\/\/sintac.pl\/sklepsintac\/wp-json\/wp\/v2\/media?parent=123"}],"curies":[{"name":"wp","href":"https:\/\/api.w.org\/{rel}","templated":true}]}}