{"id":124,"date":"2020-10-26T16:24:14","date_gmt":"2020-10-26T15:24:14","guid":{"rendered":"https:\/\/www.sintac.pl\/sklepsintac\/produkt\/import-placeholder-for-7790\/"},"modified":"2023-02-10T09:09:10","modified_gmt":"2023-02-10T08:09:10","slug":"zestaw-eko-kwas-zasada","status":"publish","type":"product","link":"https:\/\/sintac.pl\/sklepsintac\/produkt\/zestaw-eko-kwas-zasada\/","title":{"rendered":"Zestaw &#8220;Eko-Kwas-Zasada&#8221; E-012"},"content":{"rendered":"<p><b>Sk\u0142ad<\/b><\/p>\n<ul class=\"zestawy\">\n<li>Pojemnik mobilny &#8211; 120 l<\/li>\n<li>Sorbent uniwersalny 20 kg &#8211; 2 szt.<\/li>\n<li><strong>Kobra Sintac\u00ae<\/strong> &#8211; 2 szt.<\/li>\n<li>R\u0119kawice chemoodporne &#8211; 1 para<\/li>\n<li>Okulary ochronne &#8211; 1 szt.<\/li>\n<li>Worki na odpady &#8211; 5 szt.<\/li>\n<li>Szczotka ulic\u00f3wka na kiju &#8211; 1 szt.<\/li>\n<li>Szczotka zmiotka, szufelka &#8211; 1 kpl.<\/li>\n<li>Kombinezon specjalistyczny &#8211; 1 szt.<\/li>\n<\/ul>\n<p>INSTRUKCJA STOSOWANIA -&gt; <a href=\"https:\/\/sintac.pl\/sklepsintac\/wp-content\/uploads\/2020\/10\/E-012-ZESTAW-EKO-KWAS-ZASADA.pdf\">E-012 ZESTAW EKO &#8211; KWAS ZASADA<\/a><\/p>\n","protected":false},"excerpt":{"rendered":"<p>Zestaw do pracy z cieczami silnie agresywnymi. Pozwala na natychmiastowe i bezpieczne usuni\u0119cie wyciek\u00f3w zar\u00f3wno kwas\u00f3w jak i zasad.<\/p>\n","protected":false},"featured_media":154,"template":"","meta":[],"_links":{"self":[{"href":"https:\/\/sintac.pl\/sklepsintac\/wp-json\/wp\/v2\/product\/124"}],"collection":[{"href":"https:\/\/sintac.pl\/sklepsintac\/wp-json\/wp\/v2\/product"}],"about":[{"href":"https:\/\/sintac.pl\/sklepsintac\/wp-json\/wp\/v2\/types\/product"}],"wp:featuredmedia":[{"embeddable":true,"href":"https:\/\/sintac.pl\/sklepsintac\/wp-json\/wp\/v2\/media\/154"}],"wp:attachment":[{"href":"https:\/\/sintac.pl\/sklepsintac\/wp-json\/wp\/v2\/media?parent=124"}],"curies":[{"name":"wp","href":"https:\/\/api.w.org\/{rel}","templated":true}]}}