{"id":129,"date":"2020-10-26T16:24:14","date_gmt":"2020-10-26T15:24:14","guid":{"rendered":"https:\/\/www.sintac.pl\/sklepsintac\/produkt\/import-placeholder-for-7800\/"},"modified":"2023-02-10T09:13:28","modified_gmt":"2023-02-10T08:13:28","slug":"zestaw-garazowy","status":"publish","type":"product","link":"https:\/\/sintac.pl\/sklepsintac\/produkt\/zestaw-garazowy\/","title":{"rendered":"Zestaw Gara\u017cowy E-017"},"content":{"rendered":"<p><b>Sk\u0142ad<\/b><\/p>\n<ul class=\"zestawy\">\n<li>Beczka plastikowa &#8211; 60 l<\/li>\n<li>Preparat <strong>Sintan\u00ae<\/strong> &#8211; 1 l<\/li>\n<li>Sorbent uniwersalny 10 kg &#8211; 1 szt.<\/li>\n<li>Zapory <strong>Kobra\u00ae<\/strong> &#8211; 2 szt.<\/li>\n<li>R\u0119kawice <strong>Profastrong<\/strong> L30 &#8211; 1 szt.<\/li>\n<li>Szczotka zmiotka, szufelka &#8211; 1 kpl.<\/li>\n<li>Worek specjalny na odpady &#8211; 5 szt.<\/li>\n<\/ul>\n<p>INSTRUKCJA STOSOWANIA -&gt; <a href=\"https:\/\/sintac.pl\/sklepsintac\/wp-content\/uploads\/2020\/10\/E-017-ZESTAW-GARAZOWY.pdf\">E-017 ZESTAW GARA\u017bOWY<\/a><\/p>\n","protected":false},"excerpt":{"rendered":"<p>Zestaw Gara\u017cowy zosta\u0142 specjalnie stworzony na potrzeby warsztat\u00f3w samochodowych, stacji diagnostycznych i naprawczych lub serwisowych.<\/p>\n","protected":false},"featured_media":159,"template":"","meta":[],"_links":{"self":[{"href":"https:\/\/sintac.pl\/sklepsintac\/wp-json\/wp\/v2\/product\/129"}],"collection":[{"href":"https:\/\/sintac.pl\/sklepsintac\/wp-json\/wp\/v2\/product"}],"about":[{"href":"https:\/\/sintac.pl\/sklepsintac\/wp-json\/wp\/v2\/types\/product"}],"wp:featuredmedia":[{"embeddable":true,"href":"https:\/\/sintac.pl\/sklepsintac\/wp-json\/wp\/v2\/media\/159"}],"wp:attachment":[{"href":"https:\/\/sintac.pl\/sklepsintac\/wp-json\/wp\/v2\/media?parent=129"}],"curies":[{"name":"wp","href":"https:\/\/api.w.org\/{rel}","templated":true}]}}