{"id":130,"date":"2020-10-26T16:24:14","date_gmt":"2020-10-26T15:24:14","guid":{"rendered":"https:\/\/www.sintac.pl\/sklepsintac\/produkt\/import-placeholder-for-7802\/"},"modified":"2023-02-10T09:14:27","modified_gmt":"2023-02-10T08:14:27","slug":"zestaw-inspektor","status":"publish","type":"product","link":"https:\/\/sintac.pl\/sklepsintac\/produkt\/zestaw-inspektor\/","title":{"rendered":"Zestaw &#8220;Inspektor&#8221;  E-018"},"content":{"rendered":"<p><b>Sk\u0142ad<\/b><\/p>\n<ul class=\"zestawy\">\n<li>Beczka &#8211; 120l<\/li>\n<li>Preparat <strong>Sintan\u00ae<\/strong> &#8211; 5 l, kanister<\/li>\n<li>Preparat <strong>Sintan\u00ae<\/strong> &#8211; 2 l, spryskiwacz<\/li>\n<li>Sorbent uniwersalny 20 kg &#8211; 1 szt.<\/li>\n<li><strong>Kobra Sintac\u00ae<\/strong> &#8211; 1 szt.<\/li>\n<li>P\u0142achty sorbcyjne &#8211; 5 szt.<\/li>\n<li>Worki na odpady &#8211; 5 szt.<\/li>\n<li>Szczotka zmiotka, szufelka &#8211; 1 kpl.<\/li>\n<li>R\u0119kawice olejoodporne &#8211; 1 para<\/li>\n<\/ul>\n<p>INSTRUKCJA STOSOWANIA -&gt; <a href=\"https:\/\/sintac.pl\/sklepsintac\/wp-content\/uploads\/2020\/10\/E-018-ZESTAW-INSPEKTOR.pdf\">E-018 ZESTAW INSPEKTOR<\/a><\/p>\n","protected":false},"excerpt":{"rendered":"<p>Ekonomiczny zestaw \u015brodk\u00f3w, niezb\u0119dny w warsztacie, magazynku olejowym, na ma\u0142ej stacji paliw. Po zu\u017cyciu \u015brodk\u00f3w, szczelnie zamykana beczka s\u0142u\u017cy jako pojemnik na odpady.<\/p>\n","protected":false},"featured_media":160,"template":"","meta":[],"_links":{"self":[{"href":"https:\/\/sintac.pl\/sklepsintac\/wp-json\/wp\/v2\/product\/130"}],"collection":[{"href":"https:\/\/sintac.pl\/sklepsintac\/wp-json\/wp\/v2\/product"}],"about":[{"href":"https:\/\/sintac.pl\/sklepsintac\/wp-json\/wp\/v2\/types\/product"}],"wp:featuredmedia":[{"embeddable":true,"href":"https:\/\/sintac.pl\/sklepsintac\/wp-json\/wp\/v2\/media\/160"}],"wp:attachment":[{"href":"https:\/\/sintac.pl\/sklepsintac\/wp-json\/wp\/v2\/media?parent=130"}],"curies":[{"name":"wp","href":"https:\/\/api.w.org\/{rel}","templated":true}]}}