{"id":131,"date":"2020-10-26T16:24:14","date_gmt":"2020-10-26T15:24:14","guid":{"rendered":"https:\/\/www.sintac.pl\/sklepsintac\/produkt\/import-placeholder-for-7804\/"},"modified":"2023-02-10T09:08:34","modified_gmt":"2023-02-10T08:08:34","slug":"zestaw-olejowy","status":"publish","type":"product","link":"https:\/\/sintac.pl\/sklepsintac\/produkt\/zestaw-olejowy\/","title":{"rendered":"Zestaw &#8220;Olejowy&#8221; E-019"},"content":{"rendered":"<p><b>Sk\u0142ad<\/b><\/p>\n<ul class=\"zestawy\">\n<li>Pojemnik mobilny 240 l<\/li>\n<li>Mata sorpcyjna &#8211; 1 szt<\/li>\n<li>Poduszki sorpcyjne &#8211; 20 szt.<\/li>\n<li>R\u0119kawy sorpcyjne &#8211; 5 szt.<\/li>\n<li>\u015aciereczki uniwersalne &#8211; 50 szt.<\/li>\n<li>Worki na odpady &#8211; 5 szt.<\/li>\n<li>R\u0119kawice olejoodporne &#8211; 1 para<\/li>\n<\/ul>\n<p>INSTRUKCJA STOSOWANIA -&gt; <a href=\"https:\/\/sintac.pl\/sklepsintac\/wp-content\/uploads\/2020\/10\/E-019-ZESTAW-OLEJOWY.pdf\">E-019 ZESTAW OLEJOWY<\/a><\/p>\n","protected":false},"excerpt":{"rendered":"<p>Sk\u0142ada si\u0119 z asortymentu wykonanego z polipropylenu hydrofobowego <em>(nie ch\u0142oncego wody)<\/em>. S\u0142u\u017cy do zabezpieczenia miejsca pracy oraz usuni\u0119cia wyciek\u00f3w substancji ropopochodnych.<\/p>\n","protected":false},"featured_media":161,"template":"","meta":[],"_links":{"self":[{"href":"https:\/\/sintac.pl\/sklepsintac\/wp-json\/wp\/v2\/product\/131"}],"collection":[{"href":"https:\/\/sintac.pl\/sklepsintac\/wp-json\/wp\/v2\/product"}],"about":[{"href":"https:\/\/sintac.pl\/sklepsintac\/wp-json\/wp\/v2\/types\/product"}],"wp:featuredmedia":[{"embeddable":true,"href":"https:\/\/sintac.pl\/sklepsintac\/wp-json\/wp\/v2\/media\/161"}],"wp:attachment":[{"href":"https:\/\/sintac.pl\/sklepsintac\/wp-json\/wp\/v2\/media?parent=131"}],"curies":[{"name":"wp","href":"https:\/\/api.w.org\/{rel}","templated":true}]}}