{"id":132,"date":"2020-10-26T16:24:14","date_gmt":"2020-10-26T15:24:14","guid":{"rendered":"https:\/\/www.sintac.pl\/sklepsintac\/produkt\/import-placeholder-for-7806\/"},"modified":"2022-04-19T10:30:52","modified_gmt":"2022-04-19T08:30:52","slug":"zestaw-uniwersalny","status":"publish","type":"product","link":"https:\/\/sintac.pl\/sklepsintac\/produkt\/zestaw-uniwersalny\/","title":{"rendered":"Zestaw &#8220;Uniwersalny&#8221; E-020"},"content":{"rendered":"<p><b>Sk\u0142ad<\/b><\/p>\n<ul class=\"zestawy\">\n<li>Pojemnik mobilny 240 l<\/li>\n<li>Mata sorpcyjna &#8211; 1 szt.<\/li>\n<li>Poduszki sorpcyjne &#8211; 20 szt.<\/li>\n<li>R\u0119kawy sorpcyjne &#8211; 5 szt.<\/li>\n<li>\u015aciereczki uniwersalne &#8211; 50 szt.<\/li>\n<li>Worki na odpady &#8211; 5 szt.<\/li>\n<li>R\u0119kawice olejoodporne &#8211; 1 para<\/li>\n<\/ul>\n<p>INSTRUKCJA STOSOWANIA -&gt; <a href=\"https:\/\/sintac.pl\/sklepsintac\/wp-content\/uploads\/2020\/10\/E-020-ZESTAW-UNIWERSALNY.pdf\">E-020 ZESTAW UNIWERSALNY<\/a><\/p>\n","protected":false},"excerpt":{"rendered":"<p>Sk\u0142ada si\u0119 z asortymentu wykonanego z polipropylenu uniwersalnego. S\u0142u\u017cy do zabezpieczenia miejsca pracy oraz usuni\u0119cia wyciek\u00f3w nieagresywnych substancji ropopochodnych oraz roztwor\u00f3w wodnych <em>(materia\u0142 ch\u0142onie r\u00f3wnie\u017c wod\u0119)<\/em>.<\/p>\n","protected":false},"featured_media":161,"template":"","meta":[],"_links":{"self":[{"href":"https:\/\/sintac.pl\/sklepsintac\/wp-json\/wp\/v2\/product\/132"}],"collection":[{"href":"https:\/\/sintac.pl\/sklepsintac\/wp-json\/wp\/v2\/product"}],"about":[{"href":"https:\/\/sintac.pl\/sklepsintac\/wp-json\/wp\/v2\/types\/product"}],"wp:featuredmedia":[{"embeddable":true,"href":"https:\/\/sintac.pl\/sklepsintac\/wp-json\/wp\/v2\/media\/161"}],"wp:attachment":[{"href":"https:\/\/sintac.pl\/sklepsintac\/wp-json\/wp\/v2\/media?parent=132"}],"curies":[{"name":"wp","href":"https:\/\/api.w.org\/{rel}","templated":true}]}}