{"id":137,"date":"2020-10-26T16:24:14","date_gmt":"2020-10-26T15:24:14","guid":{"rendered":"https:\/\/www.sintac.pl\/sklepsintac\/produkt\/import-placeholder-for-7888\/"},"modified":"2023-02-10T09:15:29","modified_gmt":"2023-02-10T08:15:29","slug":"paleta-wychwytowa-na-1-beczke-77-x-77-x-17-cm-55-l","status":"publish","type":"product","link":"https:\/\/sintac.pl\/sklepsintac\/produkt\/paleta-wychwytowa-na-1-beczke-77-x-77-x-17-cm-55-l\/","title":{"rendered":"Paleta wychwytowa na 1 beczk\u0119 77 \u00d7 77 \u00d7 17 cm, 55 l, FB016"},"content":{"rendered":"","protected":false},"excerpt":{"rendered":"","protected":false},"featured_media":166,"template":"","meta":[],"_links":{"self":[{"href":"https:\/\/sintac.pl\/sklepsintac\/wp-json\/wp\/v2\/product\/137"}],"collection":[{"href":"https:\/\/sintac.pl\/sklepsintac\/wp-json\/wp\/v2\/product"}],"about":[{"href":"https:\/\/sintac.pl\/sklepsintac\/wp-json\/wp\/v2\/types\/product"}],"wp:featuredmedia":[{"embeddable":true,"href":"https:\/\/sintac.pl\/sklepsintac\/wp-json\/wp\/v2\/media\/166"}],"wp:attachment":[{"href":"https:\/\/sintac.pl\/sklepsintac\/wp-json\/wp\/v2\/media?parent=137"}],"curies":[{"name":"wp","href":"https:\/\/api.w.org\/{rel}","templated":true}]}}