{"id":181,"date":"2020-10-26T16:24:46","date_gmt":"2020-10-26T15:24:46","guid":{"rendered":"https:\/\/www.sintac.pl\/sklepsintac\/produkt\/import-placeholder-for-7999\/"},"modified":"2023-02-10T09:02:40","modified_gmt":"2023-02-10T08:02:40","slug":"pojemnik-jednokomorowy-74-x-86-x-81cm-150l","status":"publish","type":"product","link":"https:\/\/sintac.pl\/sklepsintac\/produkt\/pojemnik-jednokomorowy-74-x-86-x-81cm-150l\/","title":{"rendered":"Pojemnik jednokomorowy 74 x 86 x 81cm, 150l, FE-033"},"content":{"rendered":"<p><b>Wykonanie<\/b><\/p>\n<ul class=\"skladowanie\">\n<li>Wykonane z wysokiej jako\u015bci polietylenu.<\/li>\n<li>Wyj\u0105tkowo odporne na uszkodzenia mechaniczne i zmienne warunki atmosferyczne.<\/li>\n<li>Specjalnie wyprofilowany kszta\u0142t klapy pojemnika powoduje \u0142atwy sp\u0142yw wody deszczowej.<\/li>\n<li>Posiadaj\u0105 5 letni\u0105 gwarancj\u0119 <em>(dot. wyrobu u\u017cywanego w spos\u00f3b zgodny z zaleceniami producenta)<\/em>.<\/li>\n<\/ul>\n","protected":false},"excerpt":{"rendered":"<p>Wykonanie Wykonane z wysokiej jako\u015bci polietylenu. Wyj\u0105tkowo odporne na uszkodzenia mechaniczne i zmienne warunki atmosferyczne. Specjalnie wyprofilowany kszta\u0142t klapy pojemnika powoduje \u0142atwy sp\u0142yw wody deszczowej. Posiadaj\u0105 5 letni\u0105 gwarancj\u0119 (dot. wyrobu u\u017cywanego w spos\u00f3b zgodny z zaleceniami producenta).<\/p>\n","protected":false},"featured_media":196,"template":"","meta":[],"_links":{"self":[{"href":"https:\/\/sintac.pl\/sklepsintac\/wp-json\/wp\/v2\/product\/181"}],"collection":[{"href":"https:\/\/sintac.pl\/sklepsintac\/wp-json\/wp\/v2\/product"}],"about":[{"href":"https:\/\/sintac.pl\/sklepsintac\/wp-json\/wp\/v2\/types\/product"}],"wp:featuredmedia":[{"embeddable":true,"href":"https:\/\/sintac.pl\/sklepsintac\/wp-json\/wp\/v2\/media\/196"}],"wp:attachment":[{"href":"https:\/\/sintac.pl\/sklepsintac\/wp-json\/wp\/v2\/media?parent=181"}],"curies":[{"name":"wp","href":"https:\/\/api.w.org\/{rel}","templated":true}]}}