{"id":25,"date":"2020-10-26T16:10:54","date_gmt":"2020-10-26T15:10:54","guid":{"rendered":"https:\/\/www.sintac.pl\/sklepsintac\/produkt\/import-placeholder-for-7464\/"},"modified":"2023-01-26T10:23:22","modified_gmt":"2023-01-26T09:23:22","slug":"sorbent-compakt-10-kgwiaderko","status":"publish","type":"product","link":"https:\/\/sintac.pl\/sklepsintac\/produkt\/sorbent-compakt-10-kgwiaderko\/","title":{"rendered":"Sorbent Compakt\u00ae 10 kg,worek"},"content":{"rendered":"","protected":false},"excerpt":{"rendered":"<p>\u2022 Jest minera\u0142em kalcynowanym, co oznacza \u017ce posiada bardzo twarde ziarno (nawet po nas\u0105czeniu ciecz\u0105) oraz zwi\u0119kszon\u0105 ch\u0142onno\u015b\u0107.<br \/>\n\u2022 Ch\u0142onno\u015b\u0107 tego sorbentu to ok. 117%. Sorbent mo\u017cna stosowa\u0107 wielokrotnie a\u017c do pe\u0142nego nas\u0105czenia. Oznacza to, \u017ce malej\u0105 Pa\u0144stwu koszty operacyjne zwi\u0105zane z transportem i utylizacj\u0105 zu\u017cytego sorbentu.<br \/>\n\u2022 Sorbent Compakt\u00ae jest sorbentem biernym chemicznie. Nie reaguje on z poch\u0142oni\u0119t\u0105 ciecz\u0105.<br \/>\n\u2022 Wielko\u015b\u0107 ziarna tego sorbentu to od 0,3mm do 0,7mm. Ten rozmiar zosta\u0142 tak dobrany aby gwarantowa\u0107 jak najwi\u0119ksz\u0105 ch\u0142onno\u015b\u0107 przy zachowaniu odpowiedniego ci\u0119\u017caru nasypowego.<br \/>\n\u2022 Ci\u0119\u017car nasypowy 520g\/l. Im mniejszy ci\u0119\u017car nasypowy tym bardziej sorbent podatny jest na podmuchy wiatru.<br \/>\nW\u0142a\u015bciwo\u015bci Sorbentu Compakt\u00ae nie s\u0105 przypadkowe. Produkt zosta\u0142 tak skomponowany aby zapewni\u0107 U\u017cytkownikowi jak najwi\u0119kszy komfort pracy oraz bezpiecze\u0144stwo.<br \/>\nWi\u0119kszo\u015b\u0107 innych sorbent\u00f3w dost\u0119pnych na rynku tworzy kleist\u0105 ma\u017a po po\u0142\u0105czeniu z ropopochodn\u0105, niekt\u00f3re reaguj\u0105 z kwasami nag\u0142ym wzrostem temperatury lub posiadaj\u0105 tak niski ci\u0119\u017car nasypowy, \u017ce nie mo\u017cna stosowa\u0107 ich na dworze (ka\u017cdy podmuch wiatru zwiewa nam sorbent).<br \/>\nZaufa\u0142y nam najwi\u0119ksze koncerny paliwowe oraz stra\u017ce po\u017carne. Posiadamy pliki referencyjne si\u0119gaj\u0105ce 1992 r. Jeste\u015bmy na rynku dzi\u0119ki naszym wiernym Klientom kt\u00f3rzy umiej\u0105 doceni\u0107 jako\u015b\u0107.<\/p>\n","protected":false},"featured_media":3471,"template":"","meta":[],"_links":{"self":[{"href":"https:\/\/sintac.pl\/sklepsintac\/wp-json\/wp\/v2\/product\/25"}],"collection":[{"href":"https:\/\/sintac.pl\/sklepsintac\/wp-json\/wp\/v2\/product"}],"about":[{"href":"https:\/\/sintac.pl\/sklepsintac\/wp-json\/wp\/v2\/types\/product"}],"wp:featuredmedia":[{"embeddable":true,"href":"https:\/\/sintac.pl\/sklepsintac\/wp-json\/wp\/v2\/media\/3471"}],"wp:attachment":[{"href":"https:\/\/sintac.pl\/sklepsintac\/wp-json\/wp\/v2\/media?parent=25"}],"curies":[{"name":"wp","href":"https:\/\/api.w.org\/{rel}","templated":true}]}}