{"id":31,"date":"2020-10-26T16:10:54","date_gmt":"2020-10-26T15:10:54","guid":{"rendered":"https:\/\/www.sintac.pl\/sklepsintac\/produkt\/import-placeholder-for-7555\/"},"modified":"2023-01-20T13:17:33","modified_gmt":"2023-01-20T12:17:33","slug":"sciereczka-uniwersalna-40-x-50-cm-100-sztuk","status":"publish","type":"product","link":"https:\/\/sintac.pl\/sklepsintac\/produkt\/sciereczka-uniwersalna-40-x-50-cm-100-sztuk\/","title":{"rendered":"\u015aciereczki uniwersalne 40 \u00d7 50 cm (100 szt)"},"content":{"rendered":"<div id=\"more1\" class=\"linker\">\n<p><b>Zastosowanie<\/b><\/p>\n<p>Do utrzymania czysto\u015bci w miejscu pracy: w gara\u017cach, magazynach, warsztatach itp.<\/p>\n<\/div>\n","protected":false},"excerpt":{"rendered":"<p>Wykonane ze sprasowanych w\u0142\u00f3kien polipropylenowych. Wyst\u0119puj\u0105 w formie g\u0142adkiej lub pikowanej <em>(pikowanie wzmacnia materia\u0142 przez co jest on bardziej wytrzyma\u0142y)<\/em>. Posiadaj\u0105 bardzo du\u017c\u0105 zdolno\u015b\u0107 sorpcyjn\u0105. Nie zmieniaj\u0105 sk\u0142adu poch\u0142oni\u0119tej cieczy. Ciemny kolor pozwala na ekonomiczne wykorzystanie materia\u0142u do pe\u0142nego nas\u0105czenia <em>(ciemny kolor maskuje zabrudzenia)<\/em>.<\/p>\n","protected":false},"featured_media":3739,"template":"","meta":[],"_links":{"self":[{"href":"https:\/\/sintac.pl\/sklepsintac\/wp-json\/wp\/v2\/product\/31"}],"collection":[{"href":"https:\/\/sintac.pl\/sklepsintac\/wp-json\/wp\/v2\/product"}],"about":[{"href":"https:\/\/sintac.pl\/sklepsintac\/wp-json\/wp\/v2\/types\/product"}],"wp:featuredmedia":[{"embeddable":true,"href":"https:\/\/sintac.pl\/sklepsintac\/wp-json\/wp\/v2\/media\/3739"}],"wp:attachment":[{"href":"https:\/\/sintac.pl\/sklepsintac\/wp-json\/wp\/v2\/media?parent=31"}],"curies":[{"name":"wp","href":"https:\/\/api.w.org\/{rel}","templated":true}]}}