{"id":33,"date":"2020-10-26T16:10:54","date_gmt":"2020-10-26T15:10:54","guid":{"rendered":"https:\/\/www.sintac.pl\/sklepsintac\/produkt\/import-placeholder-for-7558\/"},"modified":"2023-08-16T10:00:35","modified_gmt":"2023-08-16T08:00:35","slug":"mata-uniwersalna-80-x-6000-cm-1-szt","status":"publish","type":"product","link":"https:\/\/sintac.pl\/sklepsintac\/produkt\/mata-uniwersalna-80-x-6000-cm-1-szt\/","title":{"rendered":"Mata uniwersalna 80 \u00d7 6000 cm 1 szt."},"content":{"rendered":"<div id=\"more1\" class=\"linker\">\n<div id=\"more3\" class=\"linker\">\n<p><b>Zastosowanie<\/b><\/p>\n<p>Przeznaczona do wychwytywania drobnych wyciek\u00f3w. Mo\u017ce by\u0107 stosowana jako chodnik lub jako \u015bciereczka. Nadaje si\u0119 do miejsc o umiarkowanym nat\u0119\u017ceniu ruchu. Pikowanie materia\u0142u sprawia, \u017ce jest on bardziej odporny na naderwania oraz rozdarcia.<\/p>\n<\/div>\n<\/div>\n","protected":false},"excerpt":{"rendered":"<p>Mata sorpcyjna ch\u0142onie wszystkie ciecze. Posiada perforacj\u0119 przez \u015brodek oraz co 43 cm. Pozwala to na stopniowe jej u\u017cytkowanie w miar\u0119 dora\u017anych potrzeb.<\/p>\n","protected":false},"featured_media":59,"template":"","meta":[],"_links":{"self":[{"href":"https:\/\/sintac.pl\/sklepsintac\/wp-json\/wp\/v2\/product\/33"}],"collection":[{"href":"https:\/\/sintac.pl\/sklepsintac\/wp-json\/wp\/v2\/product"}],"about":[{"href":"https:\/\/sintac.pl\/sklepsintac\/wp-json\/wp\/v2\/types\/product"}],"wp:featuredmedia":[{"embeddable":true,"href":"https:\/\/sintac.pl\/sklepsintac\/wp-json\/wp\/v2\/media\/59"}],"wp:attachment":[{"href":"https:\/\/sintac.pl\/sklepsintac\/wp-json\/wp\/v2\/media?parent=33"}],"curies":[{"name":"wp","href":"https:\/\/api.w.org\/{rel}","templated":true}]}}