{"id":3730,"date":"2021-01-11T12:11:18","date_gmt":"2021-01-11T11:11:18","guid":{"rendered":"https:\/\/www.sintac.pl\/sklepsintac\/?post_type=product&#038;p=3730"},"modified":"2025-10-30T10:10:52","modified_gmt":"2025-10-30T09:10:52","slug":"rekaw-olejowy-o-075-x-122cm-10-szt","status":"publish","type":"product","link":"https:\/\/sintac.pl\/sklepsintac\/produkt\/rekaw-olejowy-o-075-x-122cm-10-szt\/","title":{"rendered":"R\u0119kawy olejowe \u00d8 7,5 \u00d7 122cm (10 szt)"},"content":{"rendered":"<p><b>Zastosowanie<\/b><br \/>\nR\u0119kawy olejowe to doskona\u0142y produkt s\u0142u\u017c\u0105cy wychwytywaniu oraz ograniczaniu wyciek\u00f3w substancji ropopochodnych<\/p>\n","protected":false},"excerpt":{"rendered":"<p>Zastosowanie R\u0119kawy olejowe to doskona\u0142y produkt s\u0142u\u017c\u0105cy wychwytywaniu oraz ograniczaniu wyciek\u00f3w substancji ropopochodnych<\/p>\n","protected":false},"featured_media":3729,"template":"","meta":[],"_links":{"self":[{"href":"https:\/\/sintac.pl\/sklepsintac\/wp-json\/wp\/v2\/product\/3730"}],"collection":[{"href":"https:\/\/sintac.pl\/sklepsintac\/wp-json\/wp\/v2\/product"}],"about":[{"href":"https:\/\/sintac.pl\/sklepsintac\/wp-json\/wp\/v2\/types\/product"}],"wp:featuredmedia":[{"embeddable":true,"href":"https:\/\/sintac.pl\/sklepsintac\/wp-json\/wp\/v2\/media\/3729"}],"wp:attachment":[{"href":"https:\/\/sintac.pl\/sklepsintac\/wp-json\/wp\/v2\/media?parent=3730"}],"curies":[{"name":"wp","href":"https:\/\/api.w.org\/{rel}","templated":true}]}}