{"id":3745,"date":"2021-01-12T11:20:09","date_gmt":"2021-01-12T10:20:09","guid":{"rendered":"https:\/\/www.sintac.pl\/sklepsintac\/?post_type=product&#038;p=3745"},"modified":"2025-10-30T10:03:32","modified_gmt":"2025-10-30T09:03:32","slug":"sintan-gel-500-ml-butelka-z-pompka","status":"publish","type":"product","link":"https:\/\/sintac.pl\/sklepsintac\/produkt\/sintan-gel-500-ml-butelka-z-pompka\/","title":{"rendered":"Sintan Gel, 500 ml (butelka z pompk\u0105)"},"content":{"rendered":"<div class=\"elementor-element elementor-element-4b4bc96 elementor-widget elementor-widget-text-editor\" data-id=\"4b4bc96\" data-element_type=\"widget\" data-widget_type=\"text-editor.default\">\n<div class=\"elementor-widget-container\">\n<p>Sintan\u00ae Gel jest skutecznym i bezkonkurencyjnym \u015brodkiem odt\u0142uszczaj\u0105cym. Preparat Sintan\u00ae znajduje zastosowanie wsz\u0119dzie tam, gdzie u\u017cywane s\u0105 produkty naftowe i t\u0142uszcze spo\u017cywcze.<\/p>\n<\/div>\n<\/div>\n<div class=\"elementor-element elementor-element-69427af elementor-widget elementor-widget-text-editor\" data-id=\"69427af\" data-element_type=\"widget\" data-widget_type=\"text-editor.default\">\n<div class=\"elementor-widget-container\">SK\u0141AD SINTANU\u00ae GWARANTUJE BEZPIECZE\u0143STWO DLA U\u017bYTKOWNIKA, \u015aRODOWISKA NATURALNEGO I CZYSZCZONYCH POWIERZCHNI.<\/div>\n<\/div>\n<div class=\"elementor-element elementor-element-cb99283 elementor-widget elementor-widget-text-editor\" data-id=\"cb99283\" data-element_type=\"widget\" data-widget_type=\"text-editor.default\">\n<div class=\"elementor-widget-container\">\n<p>Preparat Sintan\u00ae Gel profesjonalnie usuwa zanieczyszczenia produktami ropopochodnymi i t\u0142uszczami spo\u017cywczymi z ka\u017cdej powierzchni g\u0142adkiej (szczeg\u00f3lnie z powierzchni pionowych).<\/p>\n<p>Nie niszczy czyszczonej powierzchni. Nie stanowi zagro\u017cenia dla zdrowia. Jest niepalny.<\/p>\n<\/div>\n<\/div>\n","protected":false},"excerpt":{"rendered":"<p>Sintan\u00ae Gel jest skutecznym i bezkonkurencyjnym \u015brodkiem odt\u0142uszczaj\u0105cym. Preparat Sintan\u00ae znajduje zastosowanie wsz\u0119dzie tam, gdzie u\u017cywane s\u0105 produkty naftowe i t\u0142uszcze spo\u017cywcze. SK\u0141AD SINTANU\u00ae GWARANTUJE BEZPIECZE\u0143STWO DLA U\u017bYTKOWNIKA, \u015aRODOWISKA NATURALNEGO I CZYSZCZONYCH POWIERZCHNI. Preparat Sintan\u00ae Gel profesjonalnie usuwa zanieczyszczenia produktami ropopochodnymi i t\u0142uszczami spo\u017cywczymi z ka\u017cdej powierzchni g\u0142adkiej (szczeg\u00f3lnie z powierzchni pionowych). Nie niszczy czyszczonej [&hellip;]<\/p>\n","protected":false},"featured_media":3746,"template":"","meta":[],"_links":{"self":[{"href":"https:\/\/sintac.pl\/sklepsintac\/wp-json\/wp\/v2\/product\/3745"}],"collection":[{"href":"https:\/\/sintac.pl\/sklepsintac\/wp-json\/wp\/v2\/product"}],"about":[{"href":"https:\/\/sintac.pl\/sklepsintac\/wp-json\/wp\/v2\/types\/product"}],"wp:featuredmedia":[{"embeddable":true,"href":"https:\/\/sintac.pl\/sklepsintac\/wp-json\/wp\/v2\/media\/3746"}],"wp:attachment":[{"href":"https:\/\/sintac.pl\/sklepsintac\/wp-json\/wp\/v2\/media?parent=3745"}],"curies":[{"name":"wp","href":"https:\/\/api.w.org\/{rel}","templated":true}]}}