{"id":3887,"date":"2021-08-26T10:22:53","date_gmt":"2021-08-26T08:22:53","guid":{"rendered":"https:\/\/sintac.pl\/sklepsintac\/?post_type=product&#038;p=3887"},"modified":"2025-10-30T10:07:12","modified_gmt":"2025-10-30T09:07:12","slug":"reczny-rozsiewacz-sorbentu","status":"publish","type":"product","link":"https:\/\/sintac.pl\/sklepsintac\/produkt\/reczny-rozsiewacz-sorbentu\/","title":{"rendered":"R\u0119czny rozsiewacz sorbentu"},"content":{"rendered":"<p>R\u0119czny dozownik sorbentu- umo\u017cliwia \u0142atwe i r\u00f3wnomierne nanoszenie produktu.<\/p>\n<p>(zdj\u0119cie pogl\u0105dowe)<\/p>\n<p>&nbsp;<\/p>\n","protected":false},"excerpt":{"rendered":"<p>R\u0119czny dozownik sorbentu- umo\u017cliwia \u0142atwe i r\u00f3wnomierne nanoszenie produktu. (zdj\u0119cie pogl\u0105dowe) &nbsp;<\/p>\n","protected":false},"featured_media":4137,"template":"","meta":[],"_links":{"self":[{"href":"https:\/\/sintac.pl\/sklepsintac\/wp-json\/wp\/v2\/product\/3887"}],"collection":[{"href":"https:\/\/sintac.pl\/sklepsintac\/wp-json\/wp\/v2\/product"}],"about":[{"href":"https:\/\/sintac.pl\/sklepsintac\/wp-json\/wp\/v2\/types\/product"}],"wp:featuredmedia":[{"embeddable":true,"href":"https:\/\/sintac.pl\/sklepsintac\/wp-json\/wp\/v2\/media\/4137"}],"wp:attachment":[{"href":"https:\/\/sintac.pl\/sklepsintac\/wp-json\/wp\/v2\/media?parent=3887"}],"curies":[{"name":"wp","href":"https:\/\/api.w.org\/{rel}","templated":true}]}}