{"id":3890,"date":"2021-08-26T12:10:40","date_gmt":"2021-08-26T10:10:40","guid":{"rendered":"https:\/\/sintac.pl\/sklepsintac\/?post_type=product&#038;p=3890"},"modified":"2025-11-24T11:23:12","modified_gmt":"2025-11-24T10:23:12","slug":"wanienka-wylapujaca","status":"publish","type":"product","link":"https:\/\/sintac.pl\/sklepsintac\/produkt\/wanienka-wylapujaca\/","title":{"rendered":"Wanienka wy\u0142apuj\u0105ca 15l"},"content":{"rendered":"<p>Wanna wy\u0142apuj\u0105ca mo\u017ce by\u0107 stosowana do zapobiegania wyciekom oleju silnikowego i hydraulicznego, lub innych p\u0142yn\u00f3w pojazd\u00f3w mechanicznych.<\/p>\n<p>Wymiar zewn\u0119trzny:\u00a080 \u00d7 46 \u00d7 10 cm<\/p>\n<p>Obj\u0119to\u015b\u0107: 15l<\/p>\n<p>Materia\u0142: polietylen<\/p>\n","protected":false},"excerpt":{"rendered":"<p>Wanna wy\u0142apuj\u0105ca mo\u017ce by\u0107 stosowana do zapobiegania wyciekom oleju silnikowego i hydraulicznego, lub innych p\u0142yn\u00f3w pojazd\u00f3w mechanicznych. Wymiar zewn\u0119trzny:\u00a080 \u00d7 46 \u00d7 10 cm Obj\u0119to\u015b\u0107: 15l Materia\u0142: polietylen<\/p>\n","protected":false},"featured_media":3891,"template":"","meta":[],"_links":{"self":[{"href":"https:\/\/sintac.pl\/sklepsintac\/wp-json\/wp\/v2\/product\/3890"}],"collection":[{"href":"https:\/\/sintac.pl\/sklepsintac\/wp-json\/wp\/v2\/product"}],"about":[{"href":"https:\/\/sintac.pl\/sklepsintac\/wp-json\/wp\/v2\/types\/product"}],"wp:featuredmedia":[{"embeddable":true,"href":"https:\/\/sintac.pl\/sklepsintac\/wp-json\/wp\/v2\/media\/3891"}],"wp:attachment":[{"href":"https:\/\/sintac.pl\/sklepsintac\/wp-json\/wp\/v2\/media?parent=3890"}],"curies":[{"name":"wp","href":"https:\/\/api.w.org\/{rel}","templated":true}]}}