{"id":3892,"date":"2021-08-26T12:15:20","date_gmt":"2021-08-26T10:15:20","guid":{"rendered":"https:\/\/sintac.pl\/sklepsintac\/?post_type=product&#038;p=3892"},"modified":"2025-11-24T11:23:02","modified_gmt":"2025-11-24T10:23:02","slug":"wanienka-wychwytowa-z-nakladka-w-rogu","status":"publish","type":"product","link":"https:\/\/sintac.pl\/sklepsintac\/produkt\/wanienka-wychwytowa-z-nakladka-w-rogu\/","title":{"rendered":"Wanienka wychwytowa z nak\u0142adk\u0105 w rogu 7l"},"content":{"rendered":"<p>Wymiar: 36.5 x 36.5 x 13.2 cm<\/p>\n<p>&#8211; pojemno\u015b\u0107 7 l<br \/>\n&#8211; wyposa\u017cona w sitko do odciekania oleju z cz\u0119\u015bci,\u00a0 filtr\u00f3w,itp.<br \/>\n&#8211; sitko mo\u017cna demontowa\u0107.<\/p>\n<p>&nbsp;<\/p>\n","protected":false},"excerpt":{"rendered":"<p>Wymiar: 36.5 x 36.5 x 13.2 cm &#8211; pojemno\u015b\u0107 7 l &#8211; wyposa\u017cona w sitko do odciekania oleju z cz\u0119\u015bci,\u00a0 filtr\u00f3w,itp. &#8211; sitko mo\u017cna demontowa\u0107. &nbsp;<\/p>\n","protected":false},"featured_media":3893,"template":"","meta":[],"_links":{"self":[{"href":"https:\/\/sintac.pl\/sklepsintac\/wp-json\/wp\/v2\/product\/3892"}],"collection":[{"href":"https:\/\/sintac.pl\/sklepsintac\/wp-json\/wp\/v2\/product"}],"about":[{"href":"https:\/\/sintac.pl\/sklepsintac\/wp-json\/wp\/v2\/types\/product"}],"wp:featuredmedia":[{"embeddable":true,"href":"https:\/\/sintac.pl\/sklepsintac\/wp-json\/wp\/v2\/media\/3893"}],"wp:attachment":[{"href":"https:\/\/sintac.pl\/sklepsintac\/wp-json\/wp\/v2\/media?parent=3892"}],"curies":[{"name":"wp","href":"https:\/\/api.w.org\/{rel}","templated":true}]}}