{"id":3896,"date":"2021-08-26T12:40:01","date_gmt":"2021-08-26T10:40:01","guid":{"rendered":"https:\/\/sintac.pl\/sklepsintac\/?post_type=product&#038;p=3896"},"modified":"2025-10-30T10:04:18","modified_gmt":"2025-10-30T09:04:18","slug":"wanienka-45l","status":"publish","type":"product","link":"https:\/\/sintac.pl\/sklepsintac\/produkt\/wanienka-45l\/","title":{"rendered":"Wanienka 45l"},"content":{"rendered":"<p>Pojemno\u015b\u0107:\u00a045 litr\u00f3w<\/p>\n<p>D\u0142ugo\u015b\u0107: 70cm<\/p>\n<p>Szeroko\u015b\u0107: 40cm<\/p>\n<p>Wysoko\u015b\u0107: 21cm<\/p>\n","protected":false},"excerpt":{"rendered":"<p>Pojemno\u015b\u0107:\u00a045 litr\u00f3w D\u0142ugo\u015b\u0107: 70cm Szeroko\u015b\u0107: 40cm Wysoko\u015b\u0107: 21cm<\/p>\n","protected":false},"featured_media":3897,"template":"","meta":[],"_links":{"self":[{"href":"https:\/\/sintac.pl\/sklepsintac\/wp-json\/wp\/v2\/product\/3896"}],"collection":[{"href":"https:\/\/sintac.pl\/sklepsintac\/wp-json\/wp\/v2\/product"}],"about":[{"href":"https:\/\/sintac.pl\/sklepsintac\/wp-json\/wp\/v2\/types\/product"}],"wp:featuredmedia":[{"embeddable":true,"href":"https:\/\/sintac.pl\/sklepsintac\/wp-json\/wp\/v2\/media\/3897"}],"wp:attachment":[{"href":"https:\/\/sintac.pl\/sklepsintac\/wp-json\/wp\/v2\/media?parent=3896"}],"curies":[{"name":"wp","href":"https:\/\/api.w.org\/{rel}","templated":true}]}}