{"id":3898,"date":"2021-08-26T12:52:50","date_gmt":"2021-08-26T10:52:50","guid":{"rendered":"https:\/\/sintac.pl\/sklepsintac\/?post_type=product&#038;p=3898"},"modified":"2025-11-24T11:23:22","modified_gmt":"2025-11-24T10:23:22","slug":"wanienka-warsztatowa","status":"publish","type":"product","link":"https:\/\/sintac.pl\/sklepsintac\/produkt\/wanienka-warsztatowa\/","title":{"rendered":"Wanienka warsztatowa"},"content":{"rendered":"<p>Wymiar: 35 x 60 x 17 cm<\/p>\n<p>P\u0142aska wanna z pe, wyposa\u017cona w k\u00f3\u0142ka. Skutecznie zabezpiecza pod\u0142o\u017ca przed drobnymi wyciekami. \u0141atwo mie\u015bci si\u0119 pod pojazdami, maszynami i instalacjami. Wanienka znajduje szerokie zastosowanie wsz\u0119dzie tam gdzie z nieszczelno\u015bci mog\u0105 wycieka\u0107 substancje niebezpieczne.<\/p>\n<p>&nbsp;<\/p>\n","protected":false},"excerpt":{"rendered":"<p>Wymiar: 35 x 60 x 17 cm P\u0142aska wanna z pe, wyposa\u017cona w k\u00f3\u0142ka. Skutecznie zabezpiecza pod\u0142o\u017ca przed drobnymi wyciekami. \u0141atwo mie\u015bci si\u0119 pod pojazdami, maszynami i instalacjami. Wanienka znajduje szerokie zastosowanie wsz\u0119dzie tam gdzie z nieszczelno\u015bci mog\u0105 wycieka\u0107 substancje niebezpieczne. &nbsp;<\/p>\n","protected":false},"featured_media":170,"template":"","meta":[],"_links":{"self":[{"href":"https:\/\/sintac.pl\/sklepsintac\/wp-json\/wp\/v2\/product\/3898"}],"collection":[{"href":"https:\/\/sintac.pl\/sklepsintac\/wp-json\/wp\/v2\/product"}],"about":[{"href":"https:\/\/sintac.pl\/sklepsintac\/wp-json\/wp\/v2\/types\/product"}],"wp:featuredmedia":[{"embeddable":true,"href":"https:\/\/sintac.pl\/sklepsintac\/wp-json\/wp\/v2\/media\/170"}],"wp:attachment":[{"href":"https:\/\/sintac.pl\/sklepsintac\/wp-json\/wp\/v2\/media?parent=3898"}],"curies":[{"name":"wp","href":"https:\/\/api.w.org\/{rel}","templated":true}]}}