{"id":3899,"date":"2021-08-26T13:17:50","date_gmt":"2021-08-26T11:17:50","guid":{"rendered":"https:\/\/sintac.pl\/sklepsintac\/?post_type=product&#038;p=3899"},"modified":"2024-11-14T11:45:52","modified_gmt":"2024-11-14T10:45:52","slug":"pojemnik-mobilny-1100-l","status":"publish","type":"product","link":"https:\/\/sintac.pl\/sklepsintac\/produkt\/pojemnik-mobilny-1100-l\/","title":{"rendered":"Pojemnik mobilny 1100 l"},"content":{"rendered":"<p>Czteroko\u0142owy pojemnik na odpady ESE MGB 1100 jest doskonale przystosowany do zbi\u00f3rki odpad\u00f3w komunalnych. Zwarta i wytrzyma\u0142a konstrukcja oraz najwy\u017cszej jako\u015bci materia\u0142y zapewniaj\u0105 wygodn\u0105 i wieloletni\u0105 eksploatacj\u0119. Standardowe wyposa\u017cenie pozwala na bezpieczne stosowanie pojemnik\u00f3w MGB 1100 r\u00f3wnie\u017c tam, gdzie nale\u017cy ograniczy\u0107 dost\u0119p dzieciom. Pojemniki MGB 1100 dost\u0119pne s\u0105 w wielu kolorach i znakomicie nadaj\u0105 si\u0119 do selektywnej zbi\u00f3rki odpad\u00f3w. Pojemnik na odpady komunalne MGB 1100 zaprojektowany zosta\u0142 z my\u015bl\u0105 o wieloletniej eksploatacji. Konstrukcja korpusu, pokrywy, zawias\u00f3w, k\u00f3\u0142 i bocznych uchwyt\u00f3w uwzgl\u0119dnia obci\u0105\u017cenia powstaj\u0105ce podczas mechanicznego opr\u00f3\u017cniania pojemnika. Wszystkie mocno obci\u0105\u017cone elementy konstrukcji pojemnika zosta\u0142y wzmocnione zgodnie z wynikami analiz komputerowych i test\u00f3w praktycznych. Dzi\u0119ki temu cz\u0119\u015bci nara\u017cone na kontakt z cz\u0119\u015bciami maszyn do roz\u0142adunku s\u0105 odpowiednio przystosowane do wi\u0119kszych obci\u0105\u017ce\u0144. Pojemniki MGB 1100 z p\u0142ask\u0105 pokryw\u0105 nie wymagaj\u0105 dodatkowych akcesori\u00f3w do prze\u0142adunku mechanicznego, mog\u0105 by\u0107 opr\u00f3\u017cniane przez kraw\u0119d\u017a przedni\u0105, tyln\u0105 lub boczn\u0105. Pojemnik spe\u0142nia r\u00f3wnie\u017c wymogi normy DIN dotycz\u0105ce roz\u0142adunku przy u\u017cyciu metody grzebieniowej. Bardzo wa\u017cn\u0105 cech\u0105 pojemnik\u00f3w na odpady komunalne MGB 1100 jest bezpiecze\u0144stwo u\u017cytkowania. Wszystkie kraw\u0119dzie korpusu i klapy s\u0105 zaokr\u0105glone i pozbawione ostrych kraw\u0119dzi. Pokrywa standardowo wyposa\u017cona jest w ogranicznik otwarcia oraz mechanizm dociskaj\u0105cy pokryw\u0119 nawet je\u015bli pojemnik stoi na nier\u00f3wnym gruncie. Mycie i czyszczenie pojemnika u\u0142atwia centralny korek drena\u017cowy. \u00a0 Najwa\u017cniejsze cechy pojemnika na odpady komunalne ESE MGB 1100: \u2212 posiada certyfikat jako\u015bci zgodny ze \u015bwiatow\u0105 norm\u0105 RAL-GZ 951\/1 oraz atest Pa\u0144stwowego Zak\u0142adu Higieny (PZH) \u2212 zgodno\u015b\u0107 ze wszystkimi normami europejskimi (EN 840) \u2212 spe\u0142nia norm\u0119 DIN dla roz\u0142adunku grzebieniowego \u2212 wzmocniona przednia i tylna \u015bciana korpusu \u2212 mechanizm docisku pokrywy \u2212 wzmacniane czopy boczne z zabezpieczeniem przed ko\u0142ysaniem \u2212 usztywnione dno pojemnika \u2212 materia\u0142 odporny na kwasy, mr\u00f3z i promieniowanie UV \u2212 wzmocnione, ocynkowane zawieszenie k\u00f3\u0142 \u2212 wytrzyma\u0142e i ciche ko\u0142a o du\u017cej \u015brednicy \u2212 g\u0142adka powierzchnia u\u0142atwiaj\u0105ca opr\u00f3\u017cnianie i mycie pojemnika \u2212 przystosowanie do selektywnej zbi\u00f3rki odpad\u00f3w.<\/p>\n","protected":false},"excerpt":{"rendered":"<p>Czteroko\u0142owy pojemnik na odpady ESE MGB 1100 jest doskonale przystosowany do zbi\u00f3rki odpad\u00f3w komunalnych. Zwarta i wytrzyma\u0142a konstrukcja oraz najwy\u017cszej jako\u015bci materia\u0142y zapewniaj\u0105 wygodn\u0105 i wieloletni\u0105 eksploatacj\u0119. Standardowe wyposa\u017cenie pozwala na bezpieczne stosowanie pojemnik\u00f3w MGB 1100 r\u00f3wnie\u017c tam, gdzie nale\u017cy ograniczy\u0107 dost\u0119p dzieciom. Pojemniki MGB 1100 dost\u0119pne s\u0105 w wielu kolorach i znakomicie nadaj\u0105 si\u0119 [&hellip;]<\/p>\n","protected":false},"featured_media":3900,"template":"","meta":[],"_links":{"self":[{"href":"https:\/\/sintac.pl\/sklepsintac\/wp-json\/wp\/v2\/product\/3899"}],"collection":[{"href":"https:\/\/sintac.pl\/sklepsintac\/wp-json\/wp\/v2\/product"}],"about":[{"href":"https:\/\/sintac.pl\/sklepsintac\/wp-json\/wp\/v2\/types\/product"}],"wp:featuredmedia":[{"embeddable":true,"href":"https:\/\/sintac.pl\/sklepsintac\/wp-json\/wp\/v2\/media\/3900"}],"wp:attachment":[{"href":"https:\/\/sintac.pl\/sklepsintac\/wp-json\/wp\/v2\/media?parent=3899"}],"curies":[{"name":"wp","href":"https:\/\/api.w.org\/{rel}","templated":true}]}}