{"id":3906,"date":"2021-08-26T17:03:27","date_gmt":"2021-08-26T15:03:27","guid":{"rendered":"https:\/\/sintac.pl\/sklepsintac\/?post_type=product&#038;p=3906"},"modified":"2024-11-14T11:45:33","modified_gmt":"2024-11-14T10:45:33","slug":"wata-olejowa-worek-10-kg","status":"publish","type":"product","link":"https:\/\/sintac.pl\/sklepsintac\/produkt\/wata-olejowa-worek-10-kg\/","title":{"rendered":"Wata olejowa, worek 10 kg"},"content":{"rendered":"<p>Wata olejowa: 100% polipropylen.<\/p>\n<p>Bardzo wysoka ch\u0142onno\u015b\u0107.<\/p>\n<p>Nie sypie si\u0119 przez siatk\u0119.<\/p>\n","protected":false},"excerpt":{"rendered":"<p>Wata olejowa: 100% polipropylen. Bardzo wysoka ch\u0142onno\u015b\u0107. Nie sypie si\u0119 przez siatk\u0119.<\/p>\n","protected":false},"featured_media":66,"template":"","meta":[],"_links":{"self":[{"href":"https:\/\/sintac.pl\/sklepsintac\/wp-json\/wp\/v2\/product\/3906"}],"collection":[{"href":"https:\/\/sintac.pl\/sklepsintac\/wp-json\/wp\/v2\/product"}],"about":[{"href":"https:\/\/sintac.pl\/sklepsintac\/wp-json\/wp\/v2\/types\/product"}],"wp:featuredmedia":[{"embeddable":true,"href":"https:\/\/sintac.pl\/sklepsintac\/wp-json\/wp\/v2\/media\/66"}],"wp:attachment":[{"href":"https:\/\/sintac.pl\/sklepsintac\/wp-json\/wp\/v2\/media?parent=3906"}],"curies":[{"name":"wp","href":"https:\/\/api.w.org\/{rel}","templated":true}]}}