{"id":40,"date":"2020-10-26T16:10:55","date_gmt":"2020-10-26T15:10:55","guid":{"rendered":"https:\/\/www.sintac.pl\/sklepsintac\/produkt\/import-placeholder-for-7572\/"},"modified":"2023-08-02T08:24:54","modified_gmt":"2023-08-02T06:24:54","slug":"rekaw-uniwersalny-o-08-x-300-cm-8-szt","status":"publish","type":"product","link":"https:\/\/sintac.pl\/sklepsintac\/produkt\/rekaw-uniwersalny-o-08-x-300-cm-8-szt\/","title":{"rendered":"R\u0119kawy uniwersalne \u00d8 7,5 \u00d7 300 cm (8 szt)"},"content":{"rendered":"<p><b>Zastosowanie<\/b><\/p>\n<p>Poduszki sorpcyjne oraz r\u0119kawy to doskona\u0142e produkty s\u0142u\u017c\u0105ce do ograniczania i wychwytywania wyciek\u00f3w spod maszyn i urz\u0105dze\u0144. Pozwalaj na utrzymanie miejsca pracy w czysto\u015bci.<\/p>\n","protected":false},"excerpt":{"rendered":"<p>Produkty wykonane z wytrzyma\u0142ej tkaniny wype\u0142nionej sorbentem uniwersalnym. Posiadaj\u0105 wysok\u0105 zdolno\u015b\u0107 sorpcyjn\u0105<\/p>\n","protected":false},"featured_media":62,"template":"","meta":[],"_links":{"self":[{"href":"https:\/\/sintac.pl\/sklepsintac\/wp-json\/wp\/v2\/product\/40"}],"collection":[{"href":"https:\/\/sintac.pl\/sklepsintac\/wp-json\/wp\/v2\/product"}],"about":[{"href":"https:\/\/sintac.pl\/sklepsintac\/wp-json\/wp\/v2\/types\/product"}],"wp:featuredmedia":[{"embeddable":true,"href":"https:\/\/sintac.pl\/sklepsintac\/wp-json\/wp\/v2\/media\/62"}],"wp:attachment":[{"href":"https:\/\/sintac.pl\/sklepsintac\/wp-json\/wp\/v2\/media?parent=40"}],"curies":[{"name":"wp","href":"https:\/\/api.w.org\/{rel}","templated":true}]}}