{"id":4689,"date":"2025-09-24T10:11:15","date_gmt":"2025-09-24T08:11:15","guid":{"rendered":"https:\/\/sintac.pl\/sklepsintac\/?post_type=product&#038;p=4689"},"modified":"2025-10-30T10:01:05","modified_gmt":"2025-10-30T09:01:05","slug":"sciereczki-odtluszczajace-sintan","status":"publish","type":"product","link":"https:\/\/sintac.pl\/sklepsintac\/produkt\/sciereczki-odtluszczajace-sintan\/","title":{"rendered":"\u015aciereczki odt\u0142uszczaj\u0105ce SINTAN"},"content":{"rendered":"<p>Wysokiej jako\u015bci \u015bciereczki odt\u0142uszczaj\u0105ce, nas\u0105czone specjalistycznym preparatem Sintan (Produkt Polski)<\/p>\n<p>Idealne do skutecznego usuwania t\u0142uszczu, olej\u00f3w, smar\u00f3w i innych zabrudze\u0144 z powierzchni roboczych oraz narz\u0119dzi.<\/p>\n<p>Nadaj\u0105 si\u0119 do u\u017cytku na powierzchniach metalowych, szklanych, plastikowych i innych odpornych na dzia\u0142anie preparat\u00f3w chemicznych i wody.<\/p>\n<p>Zastosowanie:<\/p>\n<ul>\n<li>Czyszczenie i odt\u0142uszczanie powierzchni jak i do stosowania przed malowaniem, lakierowaniem i klejeniem.<\/li>\n<\/ul>\n<ul>\n<li>Usuwanie z powierzchni kurzu, py\u0142\u00f3w, produkt\u00f3w spo\u017cywczych.<\/li>\n<\/ul>\n<p><strong>Spos\u00f3b u\u017cycia:<\/strong><\/p>\n<ol>\n<li>Wyjmij \u015bciereczk\u0119 z opakowania.<\/li>\n<li>Dok\u0142adnie zamknij opakowanie.<\/li>\n<li>Delikatnie przetrzyj zabrudzon\u0105 powierzchni\u0119, usuwaj\u0105c t\u0142uszcz i inne zanieczyszczenia.<\/li>\n<li>Po zastosowaniu \u015bciereczki na powierzchni pozostaje delikatna warstwa zabezpieczaj\u0105ca powierzchni\u0119, co u\u0142atwia ponowne jej czyszczenie.<\/li>\n<li>W razie potrzeby, warstw\u0119 zabezpieczaj\u0105c\u0105 mo\u017cna w \u0142atwy spos\u00f3b usun\u0105\u0107 za pomoc\u0105 wody.<\/li>\n<\/ol>\n<p>Rozmiar listka: 17 cm x 22 cm \/75 sztuk<\/p>\n","protected":false},"excerpt":{"rendered":"<p>Wysokiej jako\u015bci \u015bciereczki odt\u0142uszczaj\u0105ce, nas\u0105czone specjalistycznym preparatem Sintan (Produkt Polski) Idealne do skutecznego usuwania t\u0142uszczu, olej\u00f3w, smar\u00f3w i innych zabrudze\u0144 z powierzchni roboczych oraz narz\u0119dzi. Nadaj\u0105 si\u0119 do u\u017cytku na powierzchniach metalowych, szklanych, plastikowych i innych odpornych na dzia\u0142anie preparat\u00f3w chemicznych i wody. Zastosowanie: Czyszczenie i odt\u0142uszczanie powierzchni jak i do stosowania przed malowaniem, lakierowaniem [&hellip;]<\/p>\n","protected":false},"featured_media":4696,"template":"","meta":[],"_links":{"self":[{"href":"https:\/\/sintac.pl\/sklepsintac\/wp-json\/wp\/v2\/product\/4689"}],"collection":[{"href":"https:\/\/sintac.pl\/sklepsintac\/wp-json\/wp\/v2\/product"}],"about":[{"href":"https:\/\/sintac.pl\/sklepsintac\/wp-json\/wp\/v2\/types\/product"}],"wp:featuredmedia":[{"embeddable":true,"href":"https:\/\/sintac.pl\/sklepsintac\/wp-json\/wp\/v2\/media\/4696"}],"wp:attachment":[{"href":"https:\/\/sintac.pl\/sklepsintac\/wp-json\/wp\/v2\/media?parent=4689"}],"curies":[{"name":"wp","href":"https:\/\/api.w.org\/{rel}","templated":true}]}}