{"id":67,"date":"2020-10-26T16:22:19","date_gmt":"2020-10-26T15:22:19","guid":{"rendered":"https:\/\/www.sintac.pl\/sklepsintac\/produkt\/import-placeholder-for-7634\/"},"modified":"2022-05-27T09:15:16","modified_gmt":"2022-05-27T07:15:16","slug":"sciereczka-olejowa-30-x-30-cm-100-szt","status":"publish","type":"product","link":"https:\/\/sintac.pl\/sklepsintac\/produkt\/sciereczka-olejowa-30-x-30-cm-100-szt\/","title":{"rendered":"\u015aciereczki olejowe 30\u00d730 cm (100 szt)"},"content":{"rendered":"<p><b>Zastosowanie<\/b><\/p>\n<ul class=\"sorbenty\">\n<li>Do zbierania filmu olejowego z powierzchni wody.<\/li>\n<li>W zak\u0142adach przemys\u0142owych, warsztatach, magazynach, gara\u017cach do utrzymania w czysto\u015bci miejsca pracy oraz narz\u0119dzi i innych zaolejonych element\u00f3w.<\/li>\n<\/ul>\n","protected":false},"excerpt":{"rendered":"<p>Wykonane ze sprasowanych w\u0142\u00f3kien polipropylenowych. Wyst\u0119puj\u0105 w formie g\u0142adkiej lub pikowanej <em>(pikowanie wzmacnia materia\u0142 przez co jest on bardziej wytrzyma\u0142y)<\/em>. Posiadaj\u0105 bardzo du\u017c\u0105 zdolno\u015b\u0107 sorpcyjn\u0105 ok. 1053 % <em>(badane metod\u0105 Westinghousa dla oleju opa\u0142owego)<\/em>.<\/p>\n","protected":false},"featured_media":97,"template":"","meta":[],"_links":{"self":[{"href":"https:\/\/sintac.pl\/sklepsintac\/wp-json\/wp\/v2\/product\/67"}],"collection":[{"href":"https:\/\/sintac.pl\/sklepsintac\/wp-json\/wp\/v2\/product"}],"about":[{"href":"https:\/\/sintac.pl\/sklepsintac\/wp-json\/wp\/v2\/types\/product"}],"wp:featuredmedia":[{"embeddable":true,"href":"https:\/\/sintac.pl\/sklepsintac\/wp-json\/wp\/v2\/media\/97"}],"wp:attachment":[{"href":"https:\/\/sintac.pl\/sklepsintac\/wp-json\/wp\/v2\/media?parent=67"}],"curies":[{"name":"wp","href":"https:\/\/api.w.org\/{rel}","templated":true}]}}