{"id":69,"date":"2020-10-26T16:22:19","date_gmt":"2020-10-26T15:22:19","guid":{"rendered":"https:\/\/www.sintac.pl\/sklepsintac\/produkt\/import-placeholder-for-7638\/"},"modified":"2023-01-20T13:16:33","modified_gmt":"2023-01-20T12:16:33","slug":"sciereczka-olejowa-40-x-50-cm-200-szt","status":"publish","type":"product","link":"https:\/\/sintac.pl\/sklepsintac\/produkt\/sciereczka-olejowa-40-x-50-cm-200-szt\/","title":{"rendered":"\u015aciereczki olejowe 40 \u00d7 50 cm (200 szt)"},"content":{"rendered":"<p><b>Zastosowanie<\/b><\/p>\n<ul class=\"sorbenty\">\n<li>Do zbierania filmu olejowego z powierzchni wody.<\/li>\n<li>W zak\u0142adach przemys\u0142owych, warsztatach, magazynach, gara\u017cach do utrzymania w czysto\u015bci miejsca pracy oraz narz\u0119dzi i innych zaolejonych element\u00f3w.<\/li>\n<\/ul>\n","protected":false},"excerpt":{"rendered":"<p>Wykonane ze sprasowanych w\u0142\u00f3kien polipropylenowych. Wyst\u0119puj\u0105 w formie g\u0142adkiej lub pikowanej <em>(pikowanie wzmacnia materia\u0142 przez co jest on bardziej wytrzyma\u0142y)<\/em>.<\/p>\n","protected":false},"featured_media":97,"template":"","meta":[],"_links":{"self":[{"href":"https:\/\/sintac.pl\/sklepsintac\/wp-json\/wp\/v2\/product\/69"}],"collection":[{"href":"https:\/\/sintac.pl\/sklepsintac\/wp-json\/wp\/v2\/product"}],"about":[{"href":"https:\/\/sintac.pl\/sklepsintac\/wp-json\/wp\/v2\/types\/product"}],"wp:featuredmedia":[{"embeddable":true,"href":"https:\/\/sintac.pl\/sklepsintac\/wp-json\/wp\/v2\/media\/97"}],"wp:attachment":[{"href":"https:\/\/sintac.pl\/sklepsintac\/wp-json\/wp\/v2\/media?parent=69"}],"curies":[{"name":"wp","href":"https:\/\/api.w.org\/{rel}","templated":true}]}}