{"id":71,"date":"2020-10-26T16:22:20","date_gmt":"2020-10-26T15:22:20","guid":{"rendered":"https:\/\/www.sintac.pl\/sklepsintac\/produkt\/import-placeholder-for-7641\/"},"modified":"2025-01-08T09:57:33","modified_gmt":"2025-01-08T08:57:33","slug":"plachta-na-beczke-olejowa-o-60-cm-10-sztuk","status":"publish","type":"product","link":"https:\/\/sintac.pl\/sklepsintac\/produkt\/plachta-na-beczke-olejowa-o-60-cm-10-sztuk\/","title":{"rendered":"P\u0142achty na beczk\u0119 olejowe \u00d8 60 cm (10 szt)"},"content":{"rendered":"","protected":false},"excerpt":{"rendered":"<p>U\u0142atwia ona utrzymanie czysto\u015bci w miejscu pracy. Specjalnie przystosowana na 200 l beczk\u0119.<\/p>\n","protected":false},"featured_media":99,"template":"","meta":[],"_links":{"self":[{"href":"https:\/\/sintac.pl\/sklepsintac\/wp-json\/wp\/v2\/product\/71"}],"collection":[{"href":"https:\/\/sintac.pl\/sklepsintac\/wp-json\/wp\/v2\/product"}],"about":[{"href":"https:\/\/sintac.pl\/sklepsintac\/wp-json\/wp\/v2\/types\/product"}],"wp:featuredmedia":[{"embeddable":true,"href":"https:\/\/sintac.pl\/sklepsintac\/wp-json\/wp\/v2\/media\/99"}],"wp:attachment":[{"href":"https:\/\/sintac.pl\/sklepsintac\/wp-json\/wp\/v2\/media?parent=71"}],"curies":[{"name":"wp","href":"https:\/\/api.w.org\/{rel}","templated":true}]}}