{"id":73,"date":"2020-10-26T16:22:20","date_gmt":"2020-10-26T15:22:20","guid":{"rendered":"https:\/\/www.sintac.pl\/sklepsintac\/produkt\/import-placeholder-for-7645\/"},"modified":"2023-08-16T09:59:37","modified_gmt":"2023-08-16T07:59:37","slug":"mata-olejowa-80-x-6000-cm-1-szt","status":"publish","type":"product","link":"https:\/\/sintac.pl\/sklepsintac\/produkt\/mata-olejowa-80-x-6000-cm-1-szt\/","title":{"rendered":"Mata olejowa 80 \u00d7 6000 cm (1 szt)"},"content":{"rendered":"<p><b>Zastosowanie<\/b><\/p>\n<p>Przeznaczone do wychwytywania drobnych wyciek\u00f3w ropopochodnych. Mog\u0105 by\u0107 stosowane jako chodniki lub jako \u015bciereczki. Nadaj\u0105 si\u0119 do miejsc o umiarkowanym nat\u0119\u017ceniu ruchu. Pikowanie materia\u0142u sprawia, \u017ce jest on bardziej odporny na naderwania oraz rozdarcia.<\/p>\n","protected":false},"excerpt":{"rendered":"<p>Maty ch\u0142on\u0105 tylko substancje ropopochodne. Posiadaj\u0105 perforacj\u0119 przez \u015brodek oraz co 43 cm. Pozwala to na stopniowe ich u\u017cytkowanie w miar\u0119 dora\u017anych potrzeb.<\/p>\n","protected":false},"featured_media":3719,"template":"","meta":[],"_links":{"self":[{"href":"https:\/\/sintac.pl\/sklepsintac\/wp-json\/wp\/v2\/product\/73"}],"collection":[{"href":"https:\/\/sintac.pl\/sklepsintac\/wp-json\/wp\/v2\/product"}],"about":[{"href":"https:\/\/sintac.pl\/sklepsintac\/wp-json\/wp\/v2\/types\/product"}],"wp:featuredmedia":[{"embeddable":true,"href":"https:\/\/sintac.pl\/sklepsintac\/wp-json\/wp\/v2\/media\/3719"}],"wp:attachment":[{"href":"https:\/\/sintac.pl\/sklepsintac\/wp-json\/wp\/v2\/media?parent=73"}],"curies":[{"name":"wp","href":"https:\/\/api.w.org\/{rel}","templated":true}]}}