{"id":77,"date":"2020-10-26T16:22:20","date_gmt":"2020-10-26T15:22:20","guid":{"rendered":"https:\/\/www.sintac.pl\/sklepsintac\/produkt\/import-placeholder-for-7656\/"},"modified":"2022-07-12T10:19:14","modified_gmt":"2022-07-12T08:19:14","slug":"poduszka-olejowa-okragla-o-60-x-10-cm-1-szt","status":"publish","type":"product","link":"https:\/\/sintac.pl\/sklepsintac\/produkt\/poduszka-olejowa-okragla-o-60-x-10-cm-1-szt\/","title":{"rendered":"Poduszka olejowa okr\u0105g\u0142a \u00d8 60 \u00d7 10 cm 1 szt."},"content":{"rendered":"<p><b>Zastosowanie<\/b><\/p>\n<ul class=\"sorbenty\">\n<li>W studzienkach wychwytowych i kanalizacyjnych do selektywnej absorpcji produkt\u00f3w ropopochodnych.<\/li>\n<li>Pod nieszczelne zawory, z\u0142\u0105cza, rury, maszyny i pojemniki.<\/li>\n<\/ul>\n","protected":false},"excerpt":{"rendered":"<p>Produkty wykonane z wytrzyma\u0142ej tkaniny wype\u0142nionej Wat\u0105 Petrosorb\u00ae. Pozwala na utrzymanie miejsca pracy w czysto\u015bci. Posiadaj\u0105 wysok\u0105 zdolno\u015b\u0107 sorpcyjn\u0105.<\/p>\n","protected":false},"featured_media":104,"template":"","meta":[],"_links":{"self":[{"href":"https:\/\/sintac.pl\/sklepsintac\/wp-json\/wp\/v2\/product\/77"}],"collection":[{"href":"https:\/\/sintac.pl\/sklepsintac\/wp-json\/wp\/v2\/product"}],"about":[{"href":"https:\/\/sintac.pl\/sklepsintac\/wp-json\/wp\/v2\/types\/product"}],"wp:featuredmedia":[{"embeddable":true,"href":"https:\/\/sintac.pl\/sklepsintac\/wp-json\/wp\/v2\/media\/104"}],"wp:attachment":[{"href":"https:\/\/sintac.pl\/sklepsintac\/wp-json\/wp\/v2\/media?parent=77"}],"curies":[{"name":"wp","href":"https:\/\/api.w.org\/{rel}","templated":true}]}}