{"id":80,"date":"2020-10-26T16:22:20","date_gmt":"2020-10-26T15:22:20","guid":{"rendered":"https:\/\/www.sintac.pl\/sklepsintac\/produkt\/import-placeholder-for-7664\/"},"modified":"2023-01-20T13:27:36","modified_gmt":"2023-01-20T12:27:36","slug":"zapora-olejowa-o-20-cm-x-300-cm-1-szt","status":"publish","type":"product","link":"https:\/\/sintac.pl\/sklepsintac\/produkt\/zapora-olejowa-o-20-cm-x-300-cm-1-szt\/","title":{"rendered":"Zapora olejowa \u00d8 20 cm x 300 cm 1 szt."},"content":{"rendered":"<p><b>Dane techniczne<\/b><\/p>\n<ul class=\"sorbenty\">\n<li>Zapory \u2013 r\u0119kawy ze specjalnej siatki wype\u0142nione wat\u0105 sorbentow\u0105.<\/li>\n<li>Dzi\u0119ki karabi\u0144czykom mo\u017cemy stworzy\u0107 zapor\u0119 o dowolnej d\u0142ugo\u015bci.<\/li>\n<li>Podw\u00f3jne zastosowanie \u2013 ograniczaj\u0105 i ch\u0142on\u0105.<\/li>\n<li>Bardzo du\u017ca zdolno\u015b\u0107 sorpcyjna.<\/li>\n<li>Nie ton\u0105.<\/li>\n<li>Natychmiastowy efekt poch\u0142aniania oleju.<\/li>\n<li>U\u017cyte materia\u0142y \u2013 mocna siatka, wzmocnienie lin\u0105 oraz karabi\u0144czyki zapewniaj\u0105 du\u017c\u0105 trwa\u0142o\u015b\u0107, mechaniczn\u0105 odporno\u015b\u0107, \u0142atwe zamontowanie oraz proste usuni\u0119cie po nas\u0105czeniu.<\/li>\n<\/ul>\n<p><strong>Zastosowanie<\/strong><\/p>\n<p>Do ograniczenia i minimalizowania rozlewisk produkt\u00f3w naftowych na powierzchni wody. Zapory sorpcyjne stosujemy r\u00f3wnie\u017c do <strong>Zapory Sintac\u00ae<\/strong>.<\/p>\n","protected":false},"excerpt":{"rendered":"<p>Zapory wykonane s\u0105 z najwy\u017cszej jako\u015bci waty polipropylenowej. Po pe\u0142nym nas\u0105czeniu ropopochodnymi zapory utrzymuj\u0105 si\u0119 na powierzchni wody. Firma produkuje standardowo dwie d\u0142ugo\u015bci zap\u00f3r: 1,5 oraz 3 metrowe. Na \u017cyczenie Klienta wykonujemy zapory o dowolnych wymiarach.<\/p>\n","protected":false},"featured_media":3771,"template":"","meta":[],"_links":{"self":[{"href":"https:\/\/sintac.pl\/sklepsintac\/wp-json\/wp\/v2\/product\/80"}],"collection":[{"href":"https:\/\/sintac.pl\/sklepsintac\/wp-json\/wp\/v2\/product"}],"about":[{"href":"https:\/\/sintac.pl\/sklepsintac\/wp-json\/wp\/v2\/types\/product"}],"wp:featuredmedia":[{"embeddable":true,"href":"https:\/\/sintac.pl\/sklepsintac\/wp-json\/wp\/v2\/media\/3771"}],"wp:attachment":[{"href":"https:\/\/sintac.pl\/sklepsintac\/wp-json\/wp\/v2\/media?parent=80"}],"curies":[{"name":"wp","href":"https:\/\/api.w.org\/{rel}","templated":true}]}}