{"id":83,"date":"2020-10-26T16:22:21","date_gmt":"2020-10-26T15:22:21","guid":{"rendered":"https:\/\/www.sintac.pl\/sklepsintac\/produkt\/import-placeholder-for-7694\/"},"modified":"2023-01-31T20:50:09","modified_gmt":"2023-01-31T19:50:09","slug":"mata-chemiczna-76-x-4800cm-1-szt","status":"publish","type":"product","link":"https:\/\/sintac.pl\/sklepsintac\/produkt\/mata-chemiczna-76-x-4800cm-1-szt\/","title":{"rendered":"Maty chemiczne 76 \u00d7 4800cm (1 szt)"},"content":{"rendered":"<p><b>Zastosowanie<\/b><\/p>\n<p>Przeznaczone do wychwytywania umiarkowanych wyciek\u00f3w w miejscu pracy: gara\u017cach, warsztatach, magazynach, halach produkcyjnych, itp.<\/p>\n","protected":false},"excerpt":{"rendered":"<p>Maty sorpcyjne ch\u0142on\u0105 ka\u017cdego rodzaju ciecze. Posiadaj\u0105 wysok\u0105 zdolno\u015b\u0107 sorpcyjn\u0105, perforacj\u0119 przez \u015brodek oraz co 43 cm. Perforacja pozwala na stopniowe wykorzystywanie materia\u0142u w miar\u0119 dora\u017anych potrzeb.<\/p>\n","protected":false},"featured_media":3735,"template":"","meta":[],"_links":{"self":[{"href":"https:\/\/sintac.pl\/sklepsintac\/wp-json\/wp\/v2\/product\/83"}],"collection":[{"href":"https:\/\/sintac.pl\/sklepsintac\/wp-json\/wp\/v2\/product"}],"about":[{"href":"https:\/\/sintac.pl\/sklepsintac\/wp-json\/wp\/v2\/types\/product"}],"wp:featuredmedia":[{"embeddable":true,"href":"https:\/\/sintac.pl\/sklepsintac\/wp-json\/wp\/v2\/media\/3735"}],"wp:attachment":[{"href":"https:\/\/sintac.pl\/sklepsintac\/wp-json\/wp\/v2\/media?parent=83"}],"curies":[{"name":"wp","href":"https:\/\/api.w.org\/{rel}","templated":true}]}}