{"id":87,"date":"2020-10-26T16:22:21","date_gmt":"2020-10-26T15:22:21","guid":{"rendered":"https:\/\/www.sintac.pl\/sklepsintac\/produkt\/import-placeholder-for-7702\/"},"modified":"2023-08-02T08:30:04","modified_gmt":"2023-08-02T06:30:04","slug":"rekaw-chemiczny-o-08-x-300cm-8-szt","status":"publish","type":"product","link":"https:\/\/sintac.pl\/sklepsintac\/produkt\/rekaw-chemiczny-o-08-x-300cm-8-szt\/","title":{"rendered":"R\u0119kawy chemiczne \u00d8 7,5 \u00d7 300cm (8 szt)"},"content":{"rendered":"<p><b>Zastosowanie<\/b><\/p>\n<p>Poduszki sorpcyjne oraz r\u0119kawy to doskona\u0142y produkt s\u0142u\u017c\u0105cy do wychwytywania oraz ograniczania wyciek\u00f3w substancji niebezpiecznych spod maszyn oraz na ma\u0142ych, ci\u0119\u017cko dost\u0119pnych przestrzeniach.<\/p>\n","protected":false},"excerpt":{"rendered":"<p>Produkty wykonane z wytrzyma\u0142ej tkaniny wype\u0142nionej sorbentem chemicznym. Pozwalaj\u0105 na utrzymanie miejsca pracy w czysto\u015bci. Posiadaj\u0105 wysok\u0105 zdolno\u015b\u0107 sorpcyjn\u0105<\/p>\n","protected":false},"featured_media":111,"template":"","meta":[],"_links":{"self":[{"href":"https:\/\/sintac.pl\/sklepsintac\/wp-json\/wp\/v2\/product\/87"}],"collection":[{"href":"https:\/\/sintac.pl\/sklepsintac\/wp-json\/wp\/v2\/product"}],"about":[{"href":"https:\/\/sintac.pl\/sklepsintac\/wp-json\/wp\/v2\/types\/product"}],"wp:featuredmedia":[{"embeddable":true,"href":"https:\/\/sintac.pl\/sklepsintac\/wp-json\/wp\/v2\/media\/111"}],"wp:attachment":[{"href":"https:\/\/sintac.pl\/sklepsintac\/wp-json\/wp\/v2\/media?parent=87"}],"curies":[{"name":"wp","href":"https:\/\/api.w.org\/{rel}","templated":true}]}}