{"id":88,"date":"2020-10-26T16:22:21","date_gmt":"2020-10-26T15:22:21","guid":{"rendered":"https:\/\/www.sintac.pl\/sklepsintac\/produkt\/import-placeholder-for-7703\/"},"modified":"2021-01-12T15:52:11","modified_gmt":"2021-01-12T14:52:11","slug":"poduszka-chemiczna-25-x-25cm-20-szt","status":"publish","type":"product","link":"https:\/\/sintac.pl\/sklepsintac\/produkt\/poduszka-chemiczna-25-x-25cm-20-szt\/","title":{"rendered":"Poduszki chemiczne 25 \u00d7 25cm (20 szt)"},"content":{"rendered":"<p><b>Zastosowanie<\/b><\/p>\n<p>Poduszki sorpcyjne oraz r\u0119kawy to doskona\u0142y produkt s\u0142u\u017c\u0105cy do wychwytywania oraz ograniczania wyciek\u00f3w substancji niebezpiecznych spod maszyn oraz na ma\u0142ych, ci\u0119\u017cko dost\u0119pnych przestrzeniach.<\/p>\n","protected":false},"excerpt":{"rendered":"<p>Produkty wykonane z wytrzyma\u0142ej tkaniny wype\u0142nionej sorbentem chemicznym. Pozwalaj\u0105 na utrzymanie miejsca pracy w czysto\u015bci. Posiadaj\u0105 wysok\u0105 zdolno\u015b\u0107 sorpcyjn\u0105<\/p>\n","protected":false},"featured_media":3720,"template":"","meta":[],"_links":{"self":[{"href":"https:\/\/sintac.pl\/sklepsintac\/wp-json\/wp\/v2\/product\/88"}],"collection":[{"href":"https:\/\/sintac.pl\/sklepsintac\/wp-json\/wp\/v2\/product"}],"about":[{"href":"https:\/\/sintac.pl\/sklepsintac\/wp-json\/wp\/v2\/types\/product"}],"wp:featuredmedia":[{"embeddable":true,"href":"https:\/\/sintac.pl\/sklepsintac\/wp-json\/wp\/v2\/media\/3720"}],"wp:attachment":[{"href":"https:\/\/sintac.pl\/sklepsintac\/wp-json\/wp\/v2\/media?parent=88"}],"curies":[{"name":"wp","href":"https:\/\/api.w.org\/{rel}","templated":true}]}}