{"id":91,"date":"2020-10-26T16:22:21","date_gmt":"2020-10-26T15:22:21","guid":{"rendered":"https:\/\/www.sintac.pl\/sklepsintac\/produkt\/import-placeholder-for-7770\/"},"modified":"2022-04-19T09:52:10","modified_gmt":"2022-04-19T07:52:10","slug":"zestaw-mobilny-eko-max-110-x-75-x-57-cm-pojemnik","status":"publish","type":"product","link":"https:\/\/sintac.pl\/sklepsintac\/produkt\/zestaw-mobilny-eko-max-110-x-75-x-57-cm-pojemnik\/","title":{"rendered":"Zestaw mobilny &#8220;Eko-Max&#8221;   E-002"},"content":{"rendered":"<p><b>Sk\u0142ad:<\/b><\/p>\n<ul class=\"zestawy\">\n<li>Pojemnik mobilny &#8211; 240 l<\/li>\n<li>Sorbent Compakt- 4 szt. po 20 kg<\/li>\n<li>Preparat <strong>Sintan\u00ae<\/strong> &#8211; 7,5 l spryskiwacz<\/li>\n<li><strong>Kobra Sintac\u00ae<\/strong> &#8211; 5 szt.<\/li>\n<li>P\u0142achty sorbcyjne &#8211; 5 szt.<\/li>\n<li>Worki na odpady &#8211; 5 szt.<\/li>\n<li>Szczotka ulic\u00f3wka na kiju &#8211; 1 szt.<\/li>\n<li>Szufla metalowa &#8211; 1 szt.<\/li>\n<li>Poduszka Sorbcyjna &#8211; 1 szt.<\/li>\n<\/ul>\n<p>INSTRUKCJA STOSOWANIA -&gt;<a href=\"https:\/\/sintac.pl\/sklepsintac\/wp-content\/uploads\/2020\/10\/E-002-ZESTAW-MOBILNY-EKO-MAX-1.pdf\">E-002 ZESTAW MOBILNY EKO &#8211; MAX<\/a><b><\/b><\/p>\n","protected":false},"excerpt":{"rendered":"<p>Profesjonalny zestaw &#8211; rozbudowana i powi\u0119kszona wersja Ekologicznej Apteczki Pierwszej Pomocy, przeznaczony do zabezpieczenia miejsc szczeg\u00f3lnie nara\u017conych na wycieki substancji niebezpiecznych, takich jak: du\u017ce hale przemys\u0142owe, magazyny paliw, wydzielone miejsca postoju cystern i samochod\u00f3w ci\u0119\u017carowych.<\/p>\n","protected":false},"featured_media":113,"template":"","meta":[],"_links":{"self":[{"href":"https:\/\/sintac.pl\/sklepsintac\/wp-json\/wp\/v2\/product\/91"}],"collection":[{"href":"https:\/\/sintac.pl\/sklepsintac\/wp-json\/wp\/v2\/product"}],"about":[{"href":"https:\/\/sintac.pl\/sklepsintac\/wp-json\/wp\/v2\/types\/product"}],"wp:featuredmedia":[{"embeddable":true,"href":"https:\/\/sintac.pl\/sklepsintac\/wp-json\/wp\/v2\/media\/113"}],"wp:attachment":[{"href":"https:\/\/sintac.pl\/sklepsintac\/wp-json\/wp\/v2\/media?parent=91"}],"curies":[{"name":"wp","href":"https:\/\/api.w.org\/{rel}","templated":true}]}}