{"id":93,"date":"2020-10-26T16:22:22","date_gmt":"2020-10-26T15:22:22","guid":{"rendered":"https:\/\/www.sintac.pl\/sklepsintac\/produkt\/import-placeholder-for-7774\/"},"modified":"2022-04-19T10:10:08","modified_gmt":"2022-04-19T08:10:08","slug":"zestaw-eko-61-x-40-x-27-cm-pojemnik","status":"publish","type":"product","link":"https:\/\/sintac.pl\/sklepsintac\/produkt\/zestaw-eko-61-x-40-x-27-cm-pojemnik\/","title":{"rendered":"Zestaw &#8220;Eko&#8221;  E-004"},"content":{"rendered":"<p><b>Sk\u0142ad<\/b><\/p>\n<ul class=\"zestawy\">\n<li>Pojemnik &#8211; 60 l<\/li>\n<li>Preparat <strong>Sintan\u00ae<\/strong> &#8211; 2 l, spryskiwacz<\/li>\n<li>Sorbent uniwersalny 10 kg &#8211; 1 szt.<\/li>\n<li><strong>Kobra Sintac\u00ae<\/strong> &#8211; 2 szt.<\/li>\n<li>P\u0142achty Sorbcyjne &#8211; 5 szt.<\/li>\n<li>Worki na odpady &#8211; 1 szt.<\/li>\n<li>Worki specjalne na odpady &#8211; 2 szt.<\/li>\n<li>Szczotka zmiotka, szufelka &#8211; 1 kpl.<\/li>\n<\/ul>\n<p>INSTRUKCJA STOSOWANIA-&gt; <a href=\"https:\/\/sintac.pl\/sklepsintac\/wp-content\/uploads\/2020\/10\/E-004-ZESTAW-EKO.pdf\">E-004 ZESTAW EKO<\/a><\/p>\n","protected":false},"excerpt":{"rendered":"<p>Ekonomiczny zestaw do walki z zabrudzeniami ropopochodnymi. Sk\u0142adniki zestawu umo\u017cliwiaj\u0105 szybk\u0105 reakcj\u0119 na wyciek.<\/p>\n","protected":false},"featured_media":116,"template":"","meta":[],"_links":{"self":[{"href":"https:\/\/sintac.pl\/sklepsintac\/wp-json\/wp\/v2\/product\/93"}],"collection":[{"href":"https:\/\/sintac.pl\/sklepsintac\/wp-json\/wp\/v2\/product"}],"about":[{"href":"https:\/\/sintac.pl\/sklepsintac\/wp-json\/wp\/v2\/types\/product"}],"wp:featuredmedia":[{"embeddable":true,"href":"https:\/\/sintac.pl\/sklepsintac\/wp-json\/wp\/v2\/media\/116"}],"wp:attachment":[{"href":"https:\/\/sintac.pl\/sklepsintac\/wp-json\/wp\/v2\/media?parent=93"}],"curies":[{"name":"wp","href":"https:\/\/api.w.org\/{rel}","templated":true}]}}