{"id":95,"date":"2020-10-26T16:22:22","date_gmt":"2020-10-26T15:22:22","guid":{"rendered":"https:\/\/www.sintac.pl\/sklepsintac\/produkt\/import-placeholder-for-7778\/"},"modified":"2022-04-28T09:34:07","modified_gmt":"2022-04-28T07:34:07","slug":"zestaw-adr-ekologiczny-60-x-45-x-40-cm-pojemnik","status":"publish","type":"product","link":"https:\/\/sintac.pl\/sklepsintac\/produkt\/zestaw-adr-ekologiczny-60-x-45-x-40-cm-pojemnik\/","title":{"rendered":"Zestaw &#8220;ADR Ekologiczny&#8221;            E-006"},"content":{"rendered":"<p><b>Sk\u0142ad<\/b><\/p>\n<ul class=\"zestawy\">\n<li>Pojemnik ok.100 l<\/li>\n<li>Preparat <strong>Sintan\u00ae<\/strong> &#8211; 2 l, spryskiwacz<\/li>\n<li>Prepart <strong>Sintan\u00ae<\/strong> &#8211; 5 l, kanister<\/li>\n<li>Sorbent uniwersalny 20 kg &#8211; 1 szt.<\/li>\n<li><strong>Kobra Sintac\u00ae<\/strong> &#8211; 3 szt.<\/li>\n<li>P\u0142achty Sorbcyjne &#8211; 10 szt.<\/li>\n<li>Worki na odpady &#8211; 5 szt.<\/li>\n<li>Szczotka zmiotka, szufelka &#8211; 1 kpl.<\/li>\n<\/ul>\n<p>INSTRUKCJA STOSOWANIA-&gt; <a href=\"https:\/\/sintac.pl\/sklepsintac\/wp-content\/uploads\/2020\/10\/E-006-ZESTAW-ADR-EKOLOGICZNY.pdf\">E-006 ZESTAW ADR EKOLOGICZNY<\/a><\/p>\n","protected":false},"excerpt":{"rendered":"<p>Wygodny w transporcie, du\u017cy zestaw do natychmiastowego ograniczania, zbierania i odt\u0142uszczania miejsc po rozlewiskach olejowych i innych substancji chemicznych. Szczeg\u00f3lnie zalecany przez Rad\u0119 Bezpiecze\u0144stwa Ruchu Drogowego przy transporcie substancji niebezpiecznych, jako wyposa\u017cenie auto &#8211; cystern oraz pojazd\u00f3w s\u0142u\u017cb drogowych itd.<\/p>\n","protected":false},"featured_media":118,"template":"","meta":[],"_links":{"self":[{"href":"https:\/\/sintac.pl\/sklepsintac\/wp-json\/wp\/v2\/product\/95"}],"collection":[{"href":"https:\/\/sintac.pl\/sklepsintac\/wp-json\/wp\/v2\/product"}],"about":[{"href":"https:\/\/sintac.pl\/sklepsintac\/wp-json\/wp\/v2\/types\/product"}],"wp:featuredmedia":[{"embeddable":true,"href":"https:\/\/sintac.pl\/sklepsintac\/wp-json\/wp\/v2\/media\/118"}],"wp:attachment":[{"href":"https:\/\/sintac.pl\/sklepsintac\/wp-json\/wp\/v2\/media?parent=95"}],"curies":[{"name":"wp","href":"https:\/\/api.w.org\/{rel}","templated":true}]}}