{"id":96,"date":"2020-10-26T16:22:22","date_gmt":"2020-10-26T15:22:22","guid":{"rendered":"https:\/\/www.sintac.pl\/sklepsintac\/produkt\/import-placeholder-for-7780\/"},"modified":"2022-04-19T10:05:28","modified_gmt":"2022-04-19T08:05:28","slug":"zestaw-zgodny-z-umowa-adr-70-l-torba","status":"publish","type":"product","link":"https:\/\/sintac.pl\/sklepsintac\/produkt\/zestaw-zgodny-z-umowa-adr-70-l-torba\/","title":{"rendered":"Zestaw &#8220;Zgodny z umow\u0105 ADR&#8221; 70 l torba  E-007"},"content":{"rendered":"<p><b>Sk\u0142ad<\/b><\/p>\n<ul class=\"zestawy\">\n<li>Torba &#8211; 70 l<\/li>\n<li>Kombinezon &#8211; 1 szt.<\/li>\n<li>R\u0119kawice chemoodporne &#8211; 1 para<\/li>\n<li>P\u00f3\u0142maska filtracyjna z poch\u0142aniaczem &#8211; 1 kpl.<\/li>\n<li>Buty olejoodporne &#8211; 1 para<\/li>\n<li>Aparat do p\u0142ukania oczu &#8211; 1 kpl.<\/li>\n<li>Pojemnik na wod\u0119 do p\u0142ukania oczu &#8211; 1 szt.<\/li>\n<li>Okulary ochronne &#8211; 1 para<\/li>\n<li>Kamizelka ostrzegawcza &#8211; 1 szt.<\/li>\n<li>Latarka &#8211; 1 szt.<\/li>\n<li>Znaki ostrzegawcze (tr\u00f3jk\u0105ty) &#8211; 2 szt.<\/li>\n<li>Maty Sorbcyjne &#8211; 5 szt.<\/li>\n<li>Sorbent uniwersalny 6 l &#8211; 1 szt.<\/li>\n<li>Preparat <strong>Sintan\u00ae<\/strong> &#8211; 2 l<\/li>\n<li><strong>Kobra Sintac\u00ae<\/strong> &#8211; 2 szt.<\/li>\n<li>Kit uszczelniaj\u0105cy &#8211; 1 szt.<\/li>\n<li>Worki na odpady &#8211; 5 szt.<\/li>\n<li>Szczotka zmiotka, szufelka &#8211; 1 kpl.<\/li>\n<\/ul>\n<p>INSTRUKCJA STOSOWANIA -&gt; <a href=\"https:\/\/sintac.pl\/sklepsintac\/wp-content\/uploads\/2020\/10\/E-007-ZESTAW-ZGODNY-Z-UMOWA-ADR.pdf\">E-007 ZESTAW ZGODNY Z UMOW\u0104 ADR<\/a><\/p>\n","protected":false},"excerpt":{"rendered":"<p>Awaryjny zestaw \u015brodk\u00f3w ekologicznych, sprz\u0119tu oraz osobistego wyposa\u017cenia kierowcy, zgodny z wymogami umowy ADR.<\/p>\n","protected":false},"featured_media":119,"template":"","meta":[],"_links":{"self":[{"href":"https:\/\/sintac.pl\/sklepsintac\/wp-json\/wp\/v2\/product\/96"}],"collection":[{"href":"https:\/\/sintac.pl\/sklepsintac\/wp-json\/wp\/v2\/product"}],"about":[{"href":"https:\/\/sintac.pl\/sklepsintac\/wp-json\/wp\/v2\/types\/product"}],"wp:featuredmedia":[{"embeddable":true,"href":"https:\/\/sintac.pl\/sklepsintac\/wp-json\/wp\/v2\/media\/119"}],"wp:attachment":[{"href":"https:\/\/sintac.pl\/sklepsintac\/wp-json\/wp\/v2\/media?parent=96"}],"curies":[{"name":"wp","href":"https:\/\/api.w.org\/{rel}","templated":true}]}}